{"id":10494,"date":"2023-10-06T17:41:42","date_gmt":"2023-10-06T15:41:42","guid":{"rendered":"https:\/\/sorella.online\/?post_type=product&#038;p=10494"},"modified":"2025-12-11T14:30:55","modified_gmt":"2025-12-11T13:30:55","slug":"spodnie-jack-grey","status":"publish","type":"product","link":"https:\/\/sorella.online\/en\/product\/spodnie-jack-grey\/","title":{"rendered":"Spodnie JACK grey"},"content":{"rendered":"<p>Spodnie JACK grey to nasz nowy model spodni z kolekcji aw23\/24. Eleganckie spodnie, kt\u00f3re z marynark\u0105 TOMI tworz\u0105 doskona\u0142y duet.<\/p>\n<p>&nbsp;<\/p>\n<p>Spodnie mo\u017cesz nosi\u0107 w po\u0142\u0105czeniu z marynark\u0105 &#8211; to wersja elegancka, za\u015b z bia\u0142\u0105 koszulk\u0105 lub topem i trampkami stworzysz dzienny look na zakupy czy do biura.<\/p>\n<p>&nbsp;<\/p>\n<p><strong>KOLEKCJA:\u00a0<\/strong><a href=\"https:\/\/sorella.online\/kategoria-produktu\/aw23-24\/\">AW23\/24<\/a><br \/>\n<strong>ROZMIAR:<\/strong> Zalecamy wyb\u00f3r swojego rozmiaru<br \/>\n<strong>SK\u0141AD: <\/strong>63% poliester, 34% wiskoza, 3% elastan<br \/>\n<strong>DOSTAWA<\/strong>: Do 14 dni roboczych<br \/>\n<strong>WYSY\u0141KA:\u00a0<\/strong>Mo\u017cliwa wysy\u0142ka kurierem po przedp\u0142acie lub za pobraniem<\/p>","protected":false},"excerpt":{"rendered":"<p>Spodnie JACK grey to nasz nowy model spodni z kolekcji aw23\/24. Eleganckie spodnie, kt\u00f3re z marynark\u0105 TOMI tworz\u0105 doskona\u0142y duet. &nbsp; Spodnie mo\u017cesz nosi\u0107 w po\u0142\u0105czeniu z marynark\u0105 &#8211; to wersja elegancka, za\u015b z bia\u0142\u0105 koszulk\u0105 lub topem i trampkami stworzysz dzienny look na zakupy czy do biura. &nbsp; KOLEKCJA:\u00a0AW23\/24 ROZMIAR: Zalecamy wyb\u00f3r swojego rozmiaru&hellip; <a class=\"more-link\" href=\"https:\/\/sorella.online\/en\/product\/spodnie-jack-grey\/\">Continue reading <span class=\"screen-reader-text\">Spodnie JACK grey<\/span><\/a><\/p>","protected":false},"featured_media":10518,"comment_status":"open","ping_status":"closed","template":"","meta":{"inline_featured_image":false},"yoast_head":"<!-- This site is optimized with the Yoast SEO plugin v16.1.1 - https:\/\/yoast.com\/wordpress\/plugins\/seo\/ -->\n<title>Spodnie JACK grey - kolekcja AW23\/24 \/ Sorella - polska marka odzie\u017cowa<\/title>\n<link rel=\"canonical\" href=\"https:\/\/sorella.online\/en\/product\/spodnie-jack-grey\/\" \/>\n<meta property=\"og:locale\" content=\"en_US\" \/>\n<meta property=\"og:type\" content=\"article\" \/>\n<meta property=\"og:title\" content=\"Spodnie JACK grey - kolekcja AW23\/24 \/ Sorella - polska marka odzie\u017cowa\" \/>\n<meta property=\"og:description\" content=\"Spodnie JACK grey to nasz nowy model spodni z kolekcji aw23\/24. Eleganckie spodnie, kt\u00f3re z marynark\u0105 TOMI tworz\u0105 doskona\u0142y duet. &nbsp; Spodnie mo\u017cesz nosi\u0107 w po\u0142\u0105czeniu z marynark\u0105 &#8211; to wersja elegancka, za\u015b z bia\u0142\u0105 koszulk\u0105 lub topem i trampkami stworzysz dzienny look na zakupy czy do biura. &nbsp; KOLEKCJA:\u00a0AW23\/24 ROZMIAR: Zalecamy wyb\u00f3r swojego rozmiaru&hellip; Continue reading Spodnie JACK grey\" \/>\n<meta property=\"og:url\" content=\"https:\/\/sorella.online\/en\/product\/spodnie-jack-grey\/\" \/>\n<meta property=\"og:site_name\" content=\"SORELLA\" \/>\n<meta property=\"article:publisher\" content=\"https:\/\/www.facebook.com\/sorellapoland\" \/>\n<meta property=\"article:modified_time\" content=\"2025-12-11T13:30:55+00:00\" \/>\n<meta property=\"og:image\" content=\"https:\/\/sorella.online\/wp-content\/uploads\/2023\/10\/spodnie_celia.png\" \/>\n\t<meta property=\"og:image:width\" content=\"1000\" \/>\n\t<meta property=\"og:image:height\" content=\"1498\" \/>\n<meta name=\"twitter:card\" content=\"summary_large_image\" \/>\n<meta name=\"twitter:label1\" content=\"Est. reading time\">\n\t<meta name=\"twitter:data1\" content=\"1 minute\">\n<script type=\"application\/ld+json\" class=\"yoast-schema-graph\">{\"@context\":\"https:\/\/schema.org\",\"@graph\":[{\"@type\":\"Organization\",\"@id\":\"https:\/\/sorella.online\/#organization\",\"name\":\"SORELLA - polish fashion brand\",\"url\":\"https:\/\/sorella.online\/\",\"sameAs\":[\"https:\/\/www.facebook.com\/sorellapoland\",\"https:\/\/instagram.com\/sorellafashion\"],\"logo\":{\"@type\":\"ImageObject\",\"@id\":\"https:\/\/sorella.online\/#logo\",\"inLanguage\":\"en-US\",\"url\":\"https:\/\/sorella.online\/wp-content\/uploads\/2020\/04\/logo.png\",\"contentUrl\":\"https:\/\/sorella.online\/wp-content\/uploads\/2020\/04\/logo.png\",\"width\":402,\"height\":70,\"caption\":\"SORELLA - polish fashion brand\"},\"image\":{\"@id\":\"https:\/\/sorella.online\/#logo\"}},{\"@type\":\"WebSite\",\"@id\":\"https:\/\/sorella.online\/#website\",\"url\":\"https:\/\/sorella.online\/\",\"name\":\"SORELLA\",\"description\":\"Nasze ubrania podkre\\u015blaj\\u0105 Twoj\\u0105 energi\\u0119 i pi\\u0119kno! Moda damska Sorella, sukienki dla odwa\\u017cnych i energicznych kobiet!\",\"publisher\":{\"@id\":\"https:\/\/sorella.online\/#organization\"},\"potentialAction\":[{\"@type\":\"SearchAction\",\"target\":\"https:\/\/sorella.online\/?s={search_term_string}\",\"query-input\":\"required name=search_term_string\"}],\"inLanguage\":\"en-US\"},{\"@type\":\"ImageObject\",\"@id\":\"https:\/\/sorella.online\/produkt\/spodnie-jack-grey\/#primaryimage\",\"inLanguage\":\"en-US\",\"url\":\"https:\/\/sorella.online\/wp-content\/uploads\/2023\/10\/spodnie_celia.png\",\"contentUrl\":\"https:\/\/sorella.online\/wp-content\/uploads\/2023\/10\/spodnie_celia.png\",\"width\":1000,\"height\":1498},{\"@type\":\"WebPage\",\"@id\":\"https:\/\/sorella.online\/produkt\/spodnie-jack-grey\/#webpage\",\"url\":\"https:\/\/sorella.online\/produkt\/spodnie-jack-grey\/\",\"name\":\"Spodnie JACK grey - kolekcja AW23\/24 \/ Sorella - polska marka odzie\\u017cowa\",\"isPartOf\":{\"@id\":\"https:\/\/sorella.online\/#website\"},\"primaryImageOfPage\":{\"@id\":\"https:\/\/sorella.online\/produkt\/spodnie-jack-grey\/#primaryimage\"},\"datePublished\":\"2023-10-06T15:41:42+00:00\",\"dateModified\":\"2025-12-11T13:30:55+00:00\",\"breadcrumb\":{\"@id\":\"https:\/\/sorella.online\/produkt\/spodnie-jack-grey\/#breadcrumb\"},\"inLanguage\":\"en-US\",\"potentialAction\":[{\"@type\":\"ReadAction\",\"target\":[\"https:\/\/sorella.online\/produkt\/spodnie-jack-grey\/\"]}]},{\"@type\":\"BreadcrumbList\",\"@id\":\"https:\/\/sorella.online\/produkt\/spodnie-jack-grey\/#breadcrumb\",\"itemListElement\":[{\"@type\":\"ListItem\",\"position\":1,\"item\":{\"@type\":\"WebPage\",\"@id\":\"https:\/\/sorella.online\/\",\"url\":\"https:\/\/sorella.online\/\",\"name\":\"Strona g\\u0142\\u00f3wna\"}},{\"@type\":\"ListItem\",\"position\":2,\"item\":{\"@type\":\"WebPage\",\"@id\":\"https:\/\/sorella.online\/sklep\/\",\"url\":\"https:\/\/sorella.online\/sklep\/\",\"name\":\"Sklep\"}},{\"@type\":\"ListItem\",\"position\":3,\"item\":{\"@type\":\"WebPage\",\"@id\":\"https:\/\/sorella.online\/produkt\/spodnie-jack-grey\/\",\"url\":\"https:\/\/sorella.online\/produkt\/spodnie-jack-grey\/\",\"name\":\"Spodnie JACK grey\"}}]}]}<\/script>\n<!-- \/ Yoast SEO plugin. -->","_links":{"self":[{"href":"https:\/\/sorella.online\/en\/wp-json\/wp\/v2\/product\/10494"}],"collection":[{"href":"https:\/\/sorella.online\/en\/wp-json\/wp\/v2\/product"}],"about":[{"href":"https:\/\/sorella.online\/en\/wp-json\/wp\/v2\/types\/product"}],"replies":[{"embeddable":true,"href":"https:\/\/sorella.online\/en\/wp-json\/wp\/v2\/comments?post=10494"}],"wp:featuredmedia":[{"embeddable":true,"href":"https:\/\/sorella.online\/en\/wp-json\/wp\/v2\/media\/10518"}],"wp:attachment":[{"href":"https:\/\/sorella.online\/en\/wp-json\/wp\/v2\/media?parent=10494"}],"curies":[{"name":"wp","href":"https:\/\/api.w.org\/{rel}","templated":true}]}}