{"id":10696,"date":"2023-11-16T16:20:15","date_gmt":"2023-11-16T15:20:15","guid":{"rendered":"https:\/\/sorella.online\/?post_type=product&#038;p=10696"},"modified":"2026-02-01T23:21:01","modified_gmt":"2026-02-01T22:21:01","slug":"sukienka-emanuelle-red","status":"publish","type":"product","link":"https:\/\/sorella.online\/en\/product\/sukienka-emanuelle-red\/","title":{"rendered":"Sukienka EMANUELLE red"},"content":{"rendered":"<p class=\"p1\">Sukienka<b> EMANUELLE red\u00a0<\/b>to przepi\u0119kna sukienka maxi z p\u00f3\u0142golfem i przepi\u0119knym akcentem kwiat\u00f3w przy nim. Sukienka <strong>EMANUELLE<\/strong> posiada przepi\u0119kne, odkryte plecy. <strong>EMANUELLE red<\/strong> to klasyczna, elegancka sukienka, kt\u00f3r\u0105 ka\u017cda z nas powinna mie\u0107 w swojej szafie.<\/p>\n<p>&nbsp;<\/p>\n<p><strong>EMANUELLE <\/strong>to model, kt\u00f3ry b\u0119dzie pasowa\u0107 na wiele okazji &#8211; od przyj\u0119cia weselnego, po chrzciny, obiad \u015bwi\u0105teczny czy randk\u0119 z ukochanym.<\/p>\n<p>Modelka na zdj\u0119ciu ma 171 cm wzrostu.<\/p>\n<p><strong>KOLEKCJA:<\/strong> <a href=\"https:\/\/sorella.online\/kategoria-produktu\/aw23-24\/\">AW23\/24<\/a><br \/>\n<strong>ROZMIAR:<\/strong> Zalecamy wyb\u00f3r swojego rozmiaru<br \/>\n<strong>SK\u0141AD: <\/strong>95% poliester, 5%elastan<br \/>\n<strong>DOSTAWA<\/strong>: Do 7 dni roboczych<br \/>\n<strong>WYSY\u0141KA:\u00a0<\/strong>Mo\u017cliwa wysy\u0142ka kurierem po przedp\u0142acie lub za pobraniem<\/p>","protected":false},"excerpt":{"rendered":"<p>Sukienka EMANUELLE red\u00a0to przepi\u0119kna sukienka maxi z p\u00f3\u0142golfem i przepi\u0119knym akcentem kwiat\u00f3w przy nim. Sukienka EMANUELLE posiada przepi\u0119kne, odkryte plecy. EMANUELLE red to klasyczna, elegancka sukienka, kt\u00f3r\u0105 ka\u017cda z nas powinna mie\u0107 w swojej szafie. &nbsp; EMANUELLE to model, kt\u00f3ry b\u0119dzie pasowa\u0107 na wiele okazji &#8211; od przyj\u0119cia weselnego, po chrzciny, obiad \u015bwi\u0105teczny czy randk\u0119&hellip; <a class=\"more-link\" href=\"https:\/\/sorella.online\/en\/product\/sukienka-emanuelle-red\/\">Continue reading <span class=\"screen-reader-text\">Sukienka EMANUELLE red<\/span><\/a><\/p>","protected":false},"featured_media":10697,"comment_status":"open","ping_status":"closed","template":"","meta":{"inline_featured_image":false},"yoast_head":"<!-- This site is optimized with the Yoast SEO plugin v16.1.1 - https:\/\/yoast.com\/wordpress\/plugins\/seo\/ -->\n<title>Sukienka EMANUELLE red - kolekcja AW23\/24 \/ Sorella - polska marka odzie\u017cowa<\/title>\n<meta name=\"description\" content=\"Sukienka EMANUELLE red\u00a0to przepi\u0119kna sukienka maxi z p\u00f3\u0142golfem i przepi\u0119knym akcentem kwiat\u00f3w przy nim. EMANUELLE red to klasyczna, elegancka sukienka, kt\u00f3r\u0105 ka\u017cda z nas powinna mie\u0107 w swojej szafie.EMANUELLE to model, kt\u00f3ry b\u0119dzie pasowa\u0107 na wiele okazji - od przyj\u0119cia weselnego, po chrzciny, obiad \u015bwi\u0105teczny czy randk\u0119 z ukochanym.\u00a0\" \/>\n<link rel=\"canonical\" href=\"https:\/\/sorella.online\/en\/product\/sukienka-emanuelle-red\/\" \/>\n<meta property=\"og:locale\" content=\"en_US\" \/>\n<meta property=\"og:type\" content=\"article\" \/>\n<meta property=\"og:title\" content=\"Sukienka EMANUELLE red - kolekcja AW23\/24 \/ Sorella - polska marka odzie\u017cowa\" \/>\n<meta property=\"og:description\" content=\"Sukienka EMANUELLE red\u00a0to przepi\u0119kna sukienka maxi z p\u00f3\u0142golfem i przepi\u0119knym akcentem kwiat\u00f3w przy nim. EMANUELLE red to klasyczna, elegancka sukienka, kt\u00f3r\u0105 ka\u017cda z nas powinna mie\u0107 w swojej szafie.EMANUELLE to model, kt\u00f3ry b\u0119dzie pasowa\u0107 na wiele okazji - od przyj\u0119cia weselnego, po chrzciny, obiad \u015bwi\u0105teczny czy randk\u0119 z ukochanym.\u00a0\" \/>\n<meta property=\"og:url\" content=\"https:\/\/sorella.online\/en\/product\/sukienka-emanuelle-red\/\" \/>\n<meta property=\"og:site_name\" content=\"SORELLA\" \/>\n<meta property=\"article:publisher\" content=\"https:\/\/www.facebook.com\/sorellapoland\" \/>\n<meta property=\"article:modified_time\" content=\"2026-02-01T22:21:01+00:00\" \/>\n<meta property=\"og:image\" content=\"https:\/\/sorella.online\/wp-content\/uploads\/2023\/11\/emanuelered1.png\" \/>\n\t<meta property=\"og:image:width\" content=\"1000\" \/>\n\t<meta property=\"og:image:height\" content=\"1500\" \/>\n<meta name=\"twitter:card\" content=\"summary_large_image\" \/>\n<meta name=\"twitter:label1\" content=\"Est. reading time\">\n\t<meta name=\"twitter:data1\" content=\"1 minute\">\n<script type=\"application\/ld+json\" class=\"yoast-schema-graph\">{\"@context\":\"https:\/\/schema.org\",\"@graph\":[{\"@type\":\"Organization\",\"@id\":\"https:\/\/sorella.online\/#organization\",\"name\":\"SORELLA - polish fashion brand\",\"url\":\"https:\/\/sorella.online\/\",\"sameAs\":[\"https:\/\/www.facebook.com\/sorellapoland\",\"https:\/\/instagram.com\/sorellafashion\"],\"logo\":{\"@type\":\"ImageObject\",\"@id\":\"https:\/\/sorella.online\/#logo\",\"inLanguage\":\"en-US\",\"url\":\"https:\/\/sorella.online\/wp-content\/uploads\/2020\/04\/logo.png\",\"contentUrl\":\"https:\/\/sorella.online\/wp-content\/uploads\/2020\/04\/logo.png\",\"width\":402,\"height\":70,\"caption\":\"SORELLA - polish fashion brand\"},\"image\":{\"@id\":\"https:\/\/sorella.online\/#logo\"}},{\"@type\":\"WebSite\",\"@id\":\"https:\/\/sorella.online\/#website\",\"url\":\"https:\/\/sorella.online\/\",\"name\":\"SORELLA\",\"description\":\"Nasze ubrania podkre\\u015blaj\\u0105 Twoj\\u0105 energi\\u0119 i pi\\u0119kno! Moda damska Sorella, sukienki dla odwa\\u017cnych i energicznych kobiet!\",\"publisher\":{\"@id\":\"https:\/\/sorella.online\/#organization\"},\"potentialAction\":[{\"@type\":\"SearchAction\",\"target\":\"https:\/\/sorella.online\/?s={search_term_string}\",\"query-input\":\"required name=search_term_string\"}],\"inLanguage\":\"en-US\"},{\"@type\":\"ImageObject\",\"@id\":\"https:\/\/sorella.online\/produkt\/sukienka-emanuelle-red\/#primaryimage\",\"inLanguage\":\"en-US\",\"url\":\"https:\/\/sorella.online\/wp-content\/uploads\/2023\/11\/emanuelered1.png\",\"contentUrl\":\"https:\/\/sorella.online\/wp-content\/uploads\/2023\/11\/emanuelered1.png\",\"width\":1000,\"height\":1500},{\"@type\":\"WebPage\",\"@id\":\"https:\/\/sorella.online\/produkt\/sukienka-emanuelle-red\/#webpage\",\"url\":\"https:\/\/sorella.online\/produkt\/sukienka-emanuelle-red\/\",\"name\":\"Sukienka EMANUELLE red - kolekcja AW23\/24 \/ Sorella - polska marka odzie\\u017cowa\",\"isPartOf\":{\"@id\":\"https:\/\/sorella.online\/#website\"},\"primaryImageOfPage\":{\"@id\":\"https:\/\/sorella.online\/produkt\/sukienka-emanuelle-red\/#primaryimage\"},\"datePublished\":\"2023-11-16T15:20:15+00:00\",\"dateModified\":\"2026-02-01T22:21:01+00:00\",\"description\":\"Sukienka EMANUELLE red\\u00a0to przepi\\u0119kna sukienka maxi z p\\u00f3\\u0142golfem i przepi\\u0119knym akcentem kwiat\\u00f3w przy nim. EMANUELLE red to klasyczna, elegancka sukienka, kt\\u00f3r\\u0105 ka\\u017cda z nas powinna mie\\u0107 w swojej szafie.EMANUELLE to model, kt\\u00f3ry b\\u0119dzie pasowa\\u0107 na wiele okazji - od przyj\\u0119cia weselnego, po chrzciny, obiad \\u015bwi\\u0105teczny czy randk\\u0119 z ukochanym.\\u00a0\",\"breadcrumb\":{\"@id\":\"https:\/\/sorella.online\/produkt\/sukienka-emanuelle-red\/#breadcrumb\"},\"inLanguage\":\"en-US\",\"potentialAction\":[{\"@type\":\"ReadAction\",\"target\":[\"https:\/\/sorella.online\/produkt\/sukienka-emanuelle-red\/\"]}]},{\"@type\":\"BreadcrumbList\",\"@id\":\"https:\/\/sorella.online\/produkt\/sukienka-emanuelle-red\/#breadcrumb\",\"itemListElement\":[{\"@type\":\"ListItem\",\"position\":1,\"item\":{\"@type\":\"WebPage\",\"@id\":\"https:\/\/sorella.online\/\",\"url\":\"https:\/\/sorella.online\/\",\"name\":\"Strona g\\u0142\\u00f3wna\"}},{\"@type\":\"ListItem\",\"position\":2,\"item\":{\"@type\":\"WebPage\",\"@id\":\"https:\/\/sorella.online\/sklep\/\",\"url\":\"https:\/\/sorella.online\/sklep\/\",\"name\":\"Sklep\"}},{\"@type\":\"ListItem\",\"position\":3,\"item\":{\"@type\":\"WebPage\",\"@id\":\"https:\/\/sorella.online\/produkt\/sukienka-emanuelle-red\/\",\"url\":\"https:\/\/sorella.online\/produkt\/sukienka-emanuelle-red\/\",\"name\":\"Sukienka EMANUELLE red\"}}]}]}<\/script>\n<!-- \/ Yoast SEO plugin. -->","_links":{"self":[{"href":"https:\/\/sorella.online\/en\/wp-json\/wp\/v2\/product\/10696"}],"collection":[{"href":"https:\/\/sorella.online\/en\/wp-json\/wp\/v2\/product"}],"about":[{"href":"https:\/\/sorella.online\/en\/wp-json\/wp\/v2\/types\/product"}],"replies":[{"embeddable":true,"href":"https:\/\/sorella.online\/en\/wp-json\/wp\/v2\/comments?post=10696"}],"wp:featuredmedia":[{"embeddable":true,"href":"https:\/\/sorella.online\/en\/wp-json\/wp\/v2\/media\/10697"}],"wp:attachment":[{"href":"https:\/\/sorella.online\/en\/wp-json\/wp\/v2\/media?parent=10696"}],"curies":[{"name":"wp","href":"https:\/\/api.w.org\/{rel}","templated":true}]}}