{"id":24457,"date":"2025-12-09T14:30:11","date_gmt":"2025-12-09T13:30:11","guid":{"rendered":"https:\/\/sorella.online\/?post_type=product&#038;p=24457"},"modified":"2026-04-29T00:50:42","modified_gmt":"2026-04-28T22:50:42","slug":"sukienka-audrey-blue","status":"publish","type":"product","link":"https:\/\/sorella.online\/en\/product\/sukienka-audrey-blue\/","title":{"rendered":"Sukienka Audrey blue"},"content":{"rendered":"<p>Audrey to nasz topowy model w nowej ods\u0142onie kolorystycznej baby blue,\u00a0 ponadczasowy szyk i klasa. Niezwykle kobieca, delikatna i romantyczna, inspirowana mod\u0105 lat 50,60,70.<\/p>\n<p>Sukienka retro z podkre\u015blon\u0105 tali\u0105, rozkloszowanym do\u0142em o d\u0142ugo\u015bci midi nadaje uroku i klasy. Ozdob\u0105 sukienki s\u0105 r\u0119cznie wykonane kwiaty doszyte do troczk\u00f3w.<\/p>\n<p>Modelka ma 174cm wzrostu i prezentuje rozmiar 34.<\/p>\n<p>&nbsp;<\/p>\n<p>&nbsp;<\/p>\n<p>KOLEKCJA: SS\/26<br \/>\nROZMIAR: Zalecamy wyb\u00f3r swojego rozmiaru<br \/>\nSK\u0141AD: 85% lyocell 15%poliester<br \/>\nDOSTAWA: Do 7 dni roboczych<\/p>","protected":false},"excerpt":{"rendered":"<p>Audrey to nasz topowy model w nowej ods\u0142onie kolorystycznej baby blue,\u00a0 ponadczasowy szyk i klasa. Niezwykle kobieca, delikatna i romantyczna, inspirowana mod\u0105 lat 50,60,70. Sukienka retro z podkre\u015blon\u0105 tali\u0105, rozkloszowanym do\u0142em o d\u0142ugo\u015bci midi nadaje uroku i klasy. Ozdob\u0105 sukienki s\u0105 r\u0119cznie wykonane kwiaty doszyte do troczk\u00f3w. Modelka ma 174cm wzrostu i prezentuje rozmiar 34.&hellip; <a class=\"more-link\" href=\"https:\/\/sorella.online\/en\/product\/sukienka-audrey-blue\/\">Continue reading <span class=\"screen-reader-text\">Sukienka Audrey blue<\/span><\/a><\/p>","protected":false},"featured_media":24545,"comment_status":"open","ping_status":"closed","template":"","meta":{"inline_featured_image":false},"yoast_head":"<!-- This site is optimized with the Yoast SEO plugin v16.1.1 - https:\/\/yoast.com\/wordpress\/plugins\/seo\/ -->\n<title>Sukienka Audrey blue - SORELLA<\/title>\n<link rel=\"canonical\" href=\"https:\/\/sorella.online\/en\/product\/sukienka-audrey-blue\/\" \/>\n<meta property=\"og:locale\" content=\"en_US\" \/>\n<meta property=\"og:type\" content=\"article\" \/>\n<meta property=\"og:title\" content=\"Sukienka Audrey blue - SORELLA\" \/>\n<meta property=\"og:description\" content=\"Audrey to nasz topowy model w nowej ods\u0142onie kolorystycznej baby blue,\u00a0 ponadczasowy szyk i klasa. Niezwykle kobieca, delikatna i romantyczna, inspirowana mod\u0105 lat 50,60,70. Sukienka retro z podkre\u015blon\u0105 tali\u0105, rozkloszowanym do\u0142em o d\u0142ugo\u015bci midi nadaje uroku i klasy. Ozdob\u0105 sukienki s\u0105 r\u0119cznie wykonane kwiaty doszyte do troczk\u00f3w. Modelka ma 174cm wzrostu i prezentuje rozmiar 34.&hellip; Continue reading Sukienka Audrey blue\" \/>\n<meta property=\"og:url\" content=\"https:\/\/sorella.online\/en\/product\/sukienka-audrey-blue\/\" \/>\n<meta property=\"og:site_name\" content=\"SORELLA\" \/>\n<meta property=\"article:publisher\" content=\"https:\/\/www.facebook.com\/sorellapoland\" \/>\n<meta property=\"article:modified_time\" content=\"2026-04-28T22:50:42+00:00\" \/>\n<meta property=\"og:image\" content=\"https:\/\/sorella.online\/wp-content\/uploads\/2025\/03\/11-scaled.jpg\" \/>\n\t<meta property=\"og:image:width\" content=\"1920\" \/>\n\t<meta property=\"og:image:height\" content=\"2560\" \/>\n<meta name=\"twitter:card\" content=\"summary_large_image\" \/>\n<meta name=\"twitter:label1\" content=\"Est. reading time\">\n\t<meta name=\"twitter:data1\" content=\"1 minute\">\n<script type=\"application\/ld+json\" class=\"yoast-schema-graph\">{\"@context\":\"https:\/\/schema.org\",\"@graph\":[{\"@type\":\"Organization\",\"@id\":\"https:\/\/sorella.online\/#organization\",\"name\":\"SORELLA - polish fashion brand\",\"url\":\"https:\/\/sorella.online\/\",\"sameAs\":[\"https:\/\/www.facebook.com\/sorellapoland\",\"https:\/\/instagram.com\/sorellafashion\"],\"logo\":{\"@type\":\"ImageObject\",\"@id\":\"https:\/\/sorella.online\/#logo\",\"inLanguage\":\"en-US\",\"url\":\"https:\/\/sorella.online\/wp-content\/uploads\/2020\/04\/logo.png\",\"contentUrl\":\"https:\/\/sorella.online\/wp-content\/uploads\/2020\/04\/logo.png\",\"width\":402,\"height\":70,\"caption\":\"SORELLA - polish fashion brand\"},\"image\":{\"@id\":\"https:\/\/sorella.online\/#logo\"}},{\"@type\":\"WebSite\",\"@id\":\"https:\/\/sorella.online\/#website\",\"url\":\"https:\/\/sorella.online\/\",\"name\":\"SORELLA\",\"description\":\"Nasze ubrania podkre\\u015blaj\\u0105 Twoj\\u0105 energi\\u0119 i pi\\u0119kno! Moda damska Sorella, sukienki dla odwa\\u017cnych i energicznych kobiet!\",\"publisher\":{\"@id\":\"https:\/\/sorella.online\/#organization\"},\"potentialAction\":[{\"@type\":\"SearchAction\",\"target\":\"https:\/\/sorella.online\/?s={search_term_string}\",\"query-input\":\"required name=search_term_string\"}],\"inLanguage\":\"en-US\"},{\"@type\":\"ImageObject\",\"@id\":\"https:\/\/sorella.online\/produkt\/sukienka-audrey-blue\/#primaryimage\",\"inLanguage\":\"en-US\",\"url\":\"https:\/\/sorella.online\/wp-content\/uploads\/2025\/03\/11-scaled.jpg\",\"contentUrl\":\"https:\/\/sorella.online\/wp-content\/uploads\/2025\/03\/11-scaled.jpg\",\"width\":1920,\"height\":2560},{\"@type\":\"WebPage\",\"@id\":\"https:\/\/sorella.online\/produkt\/sukienka-audrey-blue\/#webpage\",\"url\":\"https:\/\/sorella.online\/produkt\/sukienka-audrey-blue\/\",\"name\":\"Sukienka Audrey blue - SORELLA\",\"isPartOf\":{\"@id\":\"https:\/\/sorella.online\/#website\"},\"primaryImageOfPage\":{\"@id\":\"https:\/\/sorella.online\/produkt\/sukienka-audrey-blue\/#primaryimage\"},\"datePublished\":\"2025-12-09T13:30:11+00:00\",\"dateModified\":\"2026-04-28T22:50:42+00:00\",\"breadcrumb\":{\"@id\":\"https:\/\/sorella.online\/produkt\/sukienka-audrey-blue\/#breadcrumb\"},\"inLanguage\":\"en-US\",\"potentialAction\":[{\"@type\":\"ReadAction\",\"target\":[\"https:\/\/sorella.online\/produkt\/sukienka-audrey-blue\/\"]}]},{\"@type\":\"BreadcrumbList\",\"@id\":\"https:\/\/sorella.online\/produkt\/sukienka-audrey-blue\/#breadcrumb\",\"itemListElement\":[{\"@type\":\"ListItem\",\"position\":1,\"item\":{\"@type\":\"WebPage\",\"@id\":\"https:\/\/sorella.online\/\",\"url\":\"https:\/\/sorella.online\/\",\"name\":\"Strona g\\u0142\\u00f3wna\"}},{\"@type\":\"ListItem\",\"position\":2,\"item\":{\"@type\":\"WebPage\",\"@id\":\"https:\/\/sorella.online\/sklep\/\",\"url\":\"https:\/\/sorella.online\/sklep\/\",\"name\":\"Sklep\"}},{\"@type\":\"ListItem\",\"position\":3,\"item\":{\"@type\":\"WebPage\",\"@id\":\"https:\/\/sorella.online\/produkt\/sukienka-audrey-blue\/\",\"url\":\"https:\/\/sorella.online\/produkt\/sukienka-audrey-blue\/\",\"name\":\"Sukienka Audrey blue\"}}]}]}<\/script>\n<!-- \/ Yoast SEO plugin. -->","_links":{"self":[{"href":"https:\/\/sorella.online\/en\/wp-json\/wp\/v2\/product\/24457"}],"collection":[{"href":"https:\/\/sorella.online\/en\/wp-json\/wp\/v2\/product"}],"about":[{"href":"https:\/\/sorella.online\/en\/wp-json\/wp\/v2\/types\/product"}],"replies":[{"embeddable":true,"href":"https:\/\/sorella.online\/en\/wp-json\/wp\/v2\/comments?post=24457"}],"wp:featuredmedia":[{"embeddable":true,"href":"https:\/\/sorella.online\/en\/wp-json\/wp\/v2\/media\/24545"}],"wp:attachment":[{"href":"https:\/\/sorella.online\/en\/wp-json\/wp\/v2\/media?parent=24457"}],"curies":[{"name":"wp","href":"https:\/\/api.w.org\/{rel}","templated":true}]}}