{"id":24598,"date":"2025-03-28T12:18:30","date_gmt":"2025-03-28T11:18:30","guid":{"rendered":"https:\/\/sorella.online\/?post_type=product&#038;p=24598"},"modified":"2026-02-27T11:10:10","modified_gmt":"2026-02-27T10:10:10","slug":"sukienka-alicia","status":"publish","type":"product","link":"https:\/\/sorella.online\/en\/product\/sukienka-alicia\/","title":{"rendered":"Sukienka Alicia"},"content":{"rendered":"<p>Niezwykle kobieca sukienka w ponadczasowym kolorze be\u017cowym. Bufiaste r\u0119kawy dodaj\u0105 wdzi\u0119ku i lekkiego pazura.<\/p>\n<p>Sukienka zapinana na zamek wszyty na plecach jak r\u00f3wnie\u017c mo\u017cliwo\u015b\u0107 rozpi\u0119cia guzik\u00f3w z przodu.<\/p>\n<p>Model idealny na nadchodz\u0105ce imprezy okoliczno\u015bciowe komunie i wesela.<\/p>\n<p>Modelka ma 174cm wzrostu i prezentuje rozmiar 34.<\/p>\n<p>&nbsp;<\/p>\n<p>&nbsp;<\/p>\n<p>KOLEKCJA: SS\/25<br \/>\nROZMIAR: Zalecamy wyb\u00f3r swojego rozmiaru<br \/>\nSK\u0141AD: 63% yocell, 35% wiskoza, 2% elastan<br \/>\nDOSTAWA: Do 5 dni roboczych<\/p>","protected":false},"excerpt":{"rendered":"<p>Niezwykle kobieca sukienka w ponadczasowym kolorze be\u017cowym. Bufiaste r\u0119kawy dodaj\u0105 wdzi\u0119ku i lekkiego pazura. Sukienka zapinana na zamek wszyty na plecach jak r\u00f3wnie\u017c mo\u017cliwo\u015b\u0107 rozpi\u0119cia guzik\u00f3w z przodu. Model idealny na nadchodz\u0105ce imprezy okoliczno\u015bciowe komunie i wesela. Modelka ma 174cm wzrostu i prezentuje rozmiar 34. &nbsp; &nbsp; KOLEKCJA: SS\/25 ROZMIAR: Zalecamy wyb\u00f3r swojego rozmiaru SK\u0141AD:&hellip; <a class=\"more-link\" href=\"https:\/\/sorella.online\/en\/product\/sukienka-alicia\/\">Continue reading <span class=\"screen-reader-text\">Sukienka Alicia<\/span><\/a><\/p>","protected":false},"featured_media":24557,"comment_status":"open","ping_status":"closed","template":"","meta":{"inline_featured_image":false},"yoast_head":"<!-- This site is optimized with the Yoast SEO plugin v16.1.1 - https:\/\/yoast.com\/wordpress\/plugins\/seo\/ -->\n<title>Sukienka Alicia - SORELLA<\/title>\n<link rel=\"canonical\" href=\"https:\/\/sorella.online\/en\/product\/sukienka-alicia\/\" \/>\n<meta property=\"og:locale\" content=\"en_US\" \/>\n<meta property=\"og:type\" content=\"article\" \/>\n<meta property=\"og:title\" content=\"Sukienka Alicia - SORELLA\" \/>\n<meta property=\"og:description\" content=\"Niezwykle kobieca sukienka w ponadczasowym kolorze be\u017cowym. Bufiaste r\u0119kawy dodaj\u0105 wdzi\u0119ku i lekkiego pazura. Sukienka zapinana na zamek wszyty na plecach jak r\u00f3wnie\u017c mo\u017cliwo\u015b\u0107 rozpi\u0119cia guzik\u00f3w z przodu. Model idealny na nadchodz\u0105ce imprezy okoliczno\u015bciowe komunie i wesela. Modelka ma 174cm wzrostu i prezentuje rozmiar 34. &nbsp; &nbsp; KOLEKCJA: SS\/25 ROZMIAR: Zalecamy wyb\u00f3r swojego rozmiaru SK\u0141AD:&hellip; Continue reading Sukienka Alicia\" \/>\n<meta property=\"og:url\" content=\"https:\/\/sorella.online\/en\/product\/sukienka-alicia\/\" \/>\n<meta property=\"og:site_name\" content=\"SORELLA\" \/>\n<meta property=\"article:publisher\" content=\"https:\/\/www.facebook.com\/sorellapoland\" \/>\n<meta property=\"article:modified_time\" content=\"2026-02-27T10:10:10+00:00\" \/>\n<meta property=\"og:image\" content=\"https:\/\/sorella.online\/wp-content\/uploads\/2025\/03\/14-scaled.jpg\" \/>\n\t<meta property=\"og:image:width\" content=\"1920\" \/>\n\t<meta property=\"og:image:height\" content=\"2560\" \/>\n<meta name=\"twitter:card\" content=\"summary_large_image\" \/>\n<meta name=\"twitter:label1\" content=\"Est. reading time\">\n\t<meta name=\"twitter:data1\" content=\"1 minute\">\n<script type=\"application\/ld+json\" class=\"yoast-schema-graph\">{\"@context\":\"https:\/\/schema.org\",\"@graph\":[{\"@type\":\"Organization\",\"@id\":\"https:\/\/sorella.online\/#organization\",\"name\":\"SORELLA - polish fashion brand\",\"url\":\"https:\/\/sorella.online\/\",\"sameAs\":[\"https:\/\/www.facebook.com\/sorellapoland\",\"https:\/\/instagram.com\/sorellafashion\"],\"logo\":{\"@type\":\"ImageObject\",\"@id\":\"https:\/\/sorella.online\/#logo\",\"inLanguage\":\"en-US\",\"url\":\"https:\/\/sorella.online\/wp-content\/uploads\/2020\/04\/logo.png\",\"contentUrl\":\"https:\/\/sorella.online\/wp-content\/uploads\/2020\/04\/logo.png\",\"width\":402,\"height\":70,\"caption\":\"SORELLA - polish fashion brand\"},\"image\":{\"@id\":\"https:\/\/sorella.online\/#logo\"}},{\"@type\":\"WebSite\",\"@id\":\"https:\/\/sorella.online\/#website\",\"url\":\"https:\/\/sorella.online\/\",\"name\":\"SORELLA\",\"description\":\"Nasze ubrania podkre\\u015blaj\\u0105 Twoj\\u0105 energi\\u0119 i pi\\u0119kno! Moda damska Sorella, sukienki dla odwa\\u017cnych i energicznych kobiet!\",\"publisher\":{\"@id\":\"https:\/\/sorella.online\/#organization\"},\"potentialAction\":[{\"@type\":\"SearchAction\",\"target\":\"https:\/\/sorella.online\/?s={search_term_string}\",\"query-input\":\"required name=search_term_string\"}],\"inLanguage\":\"en-US\"},{\"@type\":\"ImageObject\",\"@id\":\"https:\/\/sorella.online\/produkt\/sukienka-alicia\/#primaryimage\",\"inLanguage\":\"en-US\",\"url\":\"https:\/\/sorella.online\/wp-content\/uploads\/2025\/03\/14-scaled.jpg\",\"contentUrl\":\"https:\/\/sorella.online\/wp-content\/uploads\/2025\/03\/14-scaled.jpg\",\"width\":1920,\"height\":2560},{\"@type\":\"WebPage\",\"@id\":\"https:\/\/sorella.online\/produkt\/sukienka-alicia\/#webpage\",\"url\":\"https:\/\/sorella.online\/produkt\/sukienka-alicia\/\",\"name\":\"Sukienka Alicia - SORELLA\",\"isPartOf\":{\"@id\":\"https:\/\/sorella.online\/#website\"},\"primaryImageOfPage\":{\"@id\":\"https:\/\/sorella.online\/produkt\/sukienka-alicia\/#primaryimage\"},\"datePublished\":\"2025-03-28T11:18:30+00:00\",\"dateModified\":\"2026-02-27T10:10:10+00:00\",\"breadcrumb\":{\"@id\":\"https:\/\/sorella.online\/produkt\/sukienka-alicia\/#breadcrumb\"},\"inLanguage\":\"en-US\",\"potentialAction\":[{\"@type\":\"ReadAction\",\"target\":[\"https:\/\/sorella.online\/produkt\/sukienka-alicia\/\"]}]},{\"@type\":\"BreadcrumbList\",\"@id\":\"https:\/\/sorella.online\/produkt\/sukienka-alicia\/#breadcrumb\",\"itemListElement\":[{\"@type\":\"ListItem\",\"position\":1,\"item\":{\"@type\":\"WebPage\",\"@id\":\"https:\/\/sorella.online\/\",\"url\":\"https:\/\/sorella.online\/\",\"name\":\"Strona g\\u0142\\u00f3wna\"}},{\"@type\":\"ListItem\",\"position\":2,\"item\":{\"@type\":\"WebPage\",\"@id\":\"https:\/\/sorella.online\/sklep\/\",\"url\":\"https:\/\/sorella.online\/sklep\/\",\"name\":\"Sklep\"}},{\"@type\":\"ListItem\",\"position\":3,\"item\":{\"@type\":\"WebPage\",\"@id\":\"https:\/\/sorella.online\/produkt\/sukienka-alicia\/\",\"url\":\"https:\/\/sorella.online\/produkt\/sukienka-alicia\/\",\"name\":\"Sukienka Alicia\"}}]}]}<\/script>\n<!-- \/ Yoast SEO plugin. -->","_links":{"self":[{"href":"https:\/\/sorella.online\/en\/wp-json\/wp\/v2\/product\/24598"}],"collection":[{"href":"https:\/\/sorella.online\/en\/wp-json\/wp\/v2\/product"}],"about":[{"href":"https:\/\/sorella.online\/en\/wp-json\/wp\/v2\/types\/product"}],"replies":[{"embeddable":true,"href":"https:\/\/sorella.online\/en\/wp-json\/wp\/v2\/comments?post=24598"}],"wp:featuredmedia":[{"embeddable":true,"href":"https:\/\/sorella.online\/en\/wp-json\/wp\/v2\/media\/24557"}],"wp:attachment":[{"href":"https:\/\/sorella.online\/en\/wp-json\/wp\/v2\/media?parent=24598"}],"curies":[{"name":"wp","href":"https:\/\/api.w.org\/{rel}","templated":true}]}}