{"id":24604,"date":"2025-03-28T12:30:27","date_gmt":"2025-03-28T11:30:27","guid":{"rendered":"https:\/\/sorella.online\/?post_type=product&#038;p=24604"},"modified":"2026-04-28T10:30:18","modified_gmt":"2026-04-28T08:30:18","slug":"spodnie-lupe","status":"publish","type":"product","link":"https:\/\/sorella.online\/en\/product\/spodnie-lupe\/","title":{"rendered":"Spodnie Lupe"},"content":{"rendered":"<p>Wizytowe d\u0142ugie spodnie w kant. Idealnie le\u017c\u0105ce na figurze.<\/p>\n<p>W po\u0142\u0105czeniu z marynark\u0105 Lupe tworzy perfekcyjny set.<\/p>\n<p>&nbsp;<\/p>\n<p><strong>KOLEKCJA:<\/strong> SS\/25<br \/>\n<strong>ROZMIAR:<\/strong> Zalecamy wyb\u00f3r swojego rozmiaru<br \/>\n<strong>SK\u0141AD: <\/strong>63% lyocell, 35% wiskoza, 2% elastan<br \/>\n<strong>DOSTAWA<\/strong>: Do 3 dni roboczych<\/p>","protected":false},"excerpt":{"rendered":"<p>Wizytowe d\u0142ugie spodnie w kant. Idealnie le\u017c\u0105ce na figurze. W po\u0142\u0105czeniu z marynark\u0105 Lupe tworzy perfekcyjny set. &nbsp; KOLEKCJA: SS\/25 ROZMIAR: Zalecamy wyb\u00f3r swojego rozmiaru SK\u0141AD: 63% lyocell, 35% wiskoza, 2% elastan DOSTAWA: Do 3 dni roboczych<\/p>","protected":false},"featured_media":24541,"comment_status":"open","ping_status":"closed","template":"","meta":{"inline_featured_image":false},"yoast_head":"<!-- This site is optimized with the Yoast SEO plugin v16.1.1 - https:\/\/yoast.com\/wordpress\/plugins\/seo\/ -->\n<title>Spodnie Lupe - SORELLA<\/title>\n<link rel=\"canonical\" href=\"https:\/\/sorella.online\/en\/product\/spodnie-lupe\/\" \/>\n<meta property=\"og:locale\" content=\"en_US\" \/>\n<meta property=\"og:type\" content=\"article\" \/>\n<meta property=\"og:title\" content=\"Spodnie Lupe - SORELLA\" \/>\n<meta property=\"og:description\" content=\"Wizytowe d\u0142ugie spodnie w kant. Idealnie le\u017c\u0105ce na figurze. W po\u0142\u0105czeniu z marynark\u0105 Lupe tworzy perfekcyjny set. &nbsp; KOLEKCJA: SS\/25 ROZMIAR: Zalecamy wyb\u00f3r swojego rozmiaru SK\u0141AD: 63% lyocell, 35% wiskoza, 2% elastan DOSTAWA: Do 3 dni roboczych\" \/>\n<meta property=\"og:url\" content=\"https:\/\/sorella.online\/en\/product\/spodnie-lupe\/\" \/>\n<meta property=\"og:site_name\" content=\"SORELLA\" \/>\n<meta property=\"article:publisher\" content=\"https:\/\/www.facebook.com\/sorellapoland\" \/>\n<meta property=\"article:modified_time\" content=\"2026-04-28T08:30:18+00:00\" \/>\n<meta property=\"og:image\" content=\"https:\/\/sorella.online\/wp-content\/uploads\/2025\/03\/21-scaled.jpg\" \/>\n\t<meta property=\"og:image:width\" content=\"1920\" \/>\n\t<meta property=\"og:image:height\" content=\"2560\" \/>\n<meta name=\"twitter:card\" content=\"summary_large_image\" \/>\n<meta name=\"twitter:label1\" content=\"Est. reading time\">\n\t<meta name=\"twitter:data1\" content=\"1 minute\">\n<script type=\"application\/ld+json\" class=\"yoast-schema-graph\">{\"@context\":\"https:\/\/schema.org\",\"@graph\":[{\"@type\":\"Organization\",\"@id\":\"https:\/\/sorella.online\/#organization\",\"name\":\"SORELLA - polish fashion brand\",\"url\":\"https:\/\/sorella.online\/\",\"sameAs\":[\"https:\/\/www.facebook.com\/sorellapoland\",\"https:\/\/instagram.com\/sorellafashion\"],\"logo\":{\"@type\":\"ImageObject\",\"@id\":\"https:\/\/sorella.online\/#logo\",\"inLanguage\":\"en-US\",\"url\":\"https:\/\/sorella.online\/wp-content\/uploads\/2020\/04\/logo.png\",\"contentUrl\":\"https:\/\/sorella.online\/wp-content\/uploads\/2020\/04\/logo.png\",\"width\":402,\"height\":70,\"caption\":\"SORELLA - polish fashion brand\"},\"image\":{\"@id\":\"https:\/\/sorella.online\/#logo\"}},{\"@type\":\"WebSite\",\"@id\":\"https:\/\/sorella.online\/#website\",\"url\":\"https:\/\/sorella.online\/\",\"name\":\"SORELLA\",\"description\":\"Nasze ubrania podkre\\u015blaj\\u0105 Twoj\\u0105 energi\\u0119 i pi\\u0119kno! Moda damska Sorella, sukienki dla odwa\\u017cnych i energicznych kobiet!\",\"publisher\":{\"@id\":\"https:\/\/sorella.online\/#organization\"},\"potentialAction\":[{\"@type\":\"SearchAction\",\"target\":\"https:\/\/sorella.online\/?s={search_term_string}\",\"query-input\":\"required name=search_term_string\"}],\"inLanguage\":\"en-US\"},{\"@type\":\"ImageObject\",\"@id\":\"https:\/\/sorella.online\/produkt\/spodnie-lupe\/#primaryimage\",\"inLanguage\":\"en-US\",\"url\":\"https:\/\/sorella.online\/wp-content\/uploads\/2025\/03\/21-scaled.jpg\",\"contentUrl\":\"https:\/\/sorella.online\/wp-content\/uploads\/2025\/03\/21-scaled.jpg\",\"width\":1920,\"height\":2560},{\"@type\":\"WebPage\",\"@id\":\"https:\/\/sorella.online\/produkt\/spodnie-lupe\/#webpage\",\"url\":\"https:\/\/sorella.online\/produkt\/spodnie-lupe\/\",\"name\":\"Spodnie Lupe - SORELLA\",\"isPartOf\":{\"@id\":\"https:\/\/sorella.online\/#website\"},\"primaryImageOfPage\":{\"@id\":\"https:\/\/sorella.online\/produkt\/spodnie-lupe\/#primaryimage\"},\"datePublished\":\"2025-03-28T11:30:27+00:00\",\"dateModified\":\"2026-04-28T08:30:18+00:00\",\"breadcrumb\":{\"@id\":\"https:\/\/sorella.online\/produkt\/spodnie-lupe\/#breadcrumb\"},\"inLanguage\":\"en-US\",\"potentialAction\":[{\"@type\":\"ReadAction\",\"target\":[\"https:\/\/sorella.online\/produkt\/spodnie-lupe\/\"]}]},{\"@type\":\"BreadcrumbList\",\"@id\":\"https:\/\/sorella.online\/produkt\/spodnie-lupe\/#breadcrumb\",\"itemListElement\":[{\"@type\":\"ListItem\",\"position\":1,\"item\":{\"@type\":\"WebPage\",\"@id\":\"https:\/\/sorella.online\/\",\"url\":\"https:\/\/sorella.online\/\",\"name\":\"Strona g\\u0142\\u00f3wna\"}},{\"@type\":\"ListItem\",\"position\":2,\"item\":{\"@type\":\"WebPage\",\"@id\":\"https:\/\/sorella.online\/sklep\/\",\"url\":\"https:\/\/sorella.online\/sklep\/\",\"name\":\"Sklep\"}},{\"@type\":\"ListItem\",\"position\":3,\"item\":{\"@type\":\"WebPage\",\"@id\":\"https:\/\/sorella.online\/produkt\/spodnie-lupe\/\",\"url\":\"https:\/\/sorella.online\/produkt\/spodnie-lupe\/\",\"name\":\"Spodnie Lupe\"}}]}]}<\/script>\n<!-- \/ Yoast SEO plugin. -->","_links":{"self":[{"href":"https:\/\/sorella.online\/en\/wp-json\/wp\/v2\/product\/24604"}],"collection":[{"href":"https:\/\/sorella.online\/en\/wp-json\/wp\/v2\/product"}],"about":[{"href":"https:\/\/sorella.online\/en\/wp-json\/wp\/v2\/types\/product"}],"replies":[{"embeddable":true,"href":"https:\/\/sorella.online\/en\/wp-json\/wp\/v2\/comments?post=24604"}],"wp:featuredmedia":[{"embeddable":true,"href":"https:\/\/sorella.online\/en\/wp-json\/wp\/v2\/media\/24541"}],"wp:attachment":[{"href":"https:\/\/sorella.online\/en\/wp-json\/wp\/v2\/media?parent=24604"}],"curies":[{"name":"wp","href":"https:\/\/api.w.org\/{rel}","templated":true}]}}