{"id":24610,"date":"2025-03-28T12:47:34","date_gmt":"2025-03-28T11:47:34","guid":{"rendered":"https:\/\/sorella.online\/?post_type=product&#038;p=24610"},"modified":"2026-03-23T19:10:36","modified_gmt":"2026-03-23T18:10:36","slug":"spodenki-lorenza","status":"publish","type":"product","link":"https:\/\/sorella.online\/en\/product\/spodenki-lorenza\/","title":{"rendered":"Spodenki Lorenza"},"content":{"rendered":"<p>Szorty Lorenza to propozycja eleganckich spodenek na lato.<\/p>\n<p>Idealnie \u0142\u0105cz\u0105 si\u0119 z marynark\u0105 Lorenza.<\/p>\n<div class=\"elementor-element elementor-element-9f72f1d elementor-widget elementor-widget-woocommerce-product-content\" data-id=\"9f72f1d\" data-element_type=\"widget\" data-widget_type=\"woocommerce-product-content.default\">\n<div class=\"elementor-widget-container\">\n<p>Modelka ma 174cm wzrost i prezentuje rozmiar 34.<\/p>\n<p>&nbsp;<\/p>\n<p>KOLEKCJA: SS\/25<br \/>\nROZMIAR: Zalecamy wyb\u00f3r swojego rozmiaru<br \/>\nSK\u0141AD: 40% bawe\u0142na, 29% poliester, 16% wiskoza, 15% len<br \/>\nDOSTAWA: Do 5 dni roboczych<\/p>\n<\/div>\n<\/div>","protected":false},"excerpt":{"rendered":"<p>Szorty Lorenza to propozycja eleganckich spodenek na lato. Idealnie \u0142\u0105cz\u0105 si\u0119 z marynark\u0105 Lorenza. Modelka ma 174cm wzrost i prezentuje rozmiar 34. &nbsp; KOLEKCJA: SS\/25 ROZMIAR: Zalecamy wyb\u00f3r swojego rozmiaru SK\u0141AD: 40% bawe\u0142na, 29% poliester, 16% wiskoza, 15% len DOSTAWA: Do 5 dni roboczych<\/p>","protected":false},"featured_media":24554,"comment_status":"open","ping_status":"closed","template":"","meta":{"inline_featured_image":false},"yoast_head":"<!-- This site is optimized with the Yoast SEO plugin v16.1.1 - https:\/\/yoast.com\/wordpress\/plugins\/seo\/ -->\n<title>Spodenki Lorenza - SORELLA<\/title>\n<link rel=\"canonical\" href=\"https:\/\/sorella.online\/en\/product\/spodenki-lorenza\/\" \/>\n<meta property=\"og:locale\" content=\"en_US\" \/>\n<meta property=\"og:type\" content=\"article\" \/>\n<meta property=\"og:title\" content=\"Spodenki Lorenza - SORELLA\" \/>\n<meta property=\"og:description\" content=\"Szorty Lorenza to propozycja eleganckich spodenek na lato. Idealnie \u0142\u0105cz\u0105 si\u0119 z marynark\u0105 Lorenza. Modelka ma 174cm wzrost i prezentuje rozmiar 34. &nbsp; KOLEKCJA: SS\/25 ROZMIAR: Zalecamy wyb\u00f3r swojego rozmiaru SK\u0141AD: 40% bawe\u0142na, 29% poliester, 16% wiskoza, 15% len DOSTAWA: Do 5 dni roboczych\" \/>\n<meta property=\"og:url\" content=\"https:\/\/sorella.online\/en\/product\/spodenki-lorenza\/\" \/>\n<meta property=\"og:site_name\" content=\"SORELLA\" \/>\n<meta property=\"article:publisher\" content=\"https:\/\/www.facebook.com\/sorellapoland\" \/>\n<meta property=\"article:modified_time\" content=\"2026-03-23T18:10:36+00:00\" \/>\n<meta property=\"og:image\" content=\"https:\/\/sorella.online\/wp-content\/uploads\/2025\/03\/17-scaled.jpg\" \/>\n\t<meta property=\"og:image:width\" content=\"1920\" \/>\n\t<meta property=\"og:image:height\" content=\"2560\" \/>\n<meta name=\"twitter:card\" content=\"summary_large_image\" \/>\n<meta name=\"twitter:label1\" content=\"Est. reading time\">\n\t<meta name=\"twitter:data1\" content=\"1 minute\">\n<script type=\"application\/ld+json\" class=\"yoast-schema-graph\">{\"@context\":\"https:\/\/schema.org\",\"@graph\":[{\"@type\":\"Organization\",\"@id\":\"https:\/\/sorella.online\/#organization\",\"name\":\"SORELLA - polish fashion brand\",\"url\":\"https:\/\/sorella.online\/\",\"sameAs\":[\"https:\/\/www.facebook.com\/sorellapoland\",\"https:\/\/instagram.com\/sorellafashion\"],\"logo\":{\"@type\":\"ImageObject\",\"@id\":\"https:\/\/sorella.online\/#logo\",\"inLanguage\":\"en-US\",\"url\":\"https:\/\/sorella.online\/wp-content\/uploads\/2020\/04\/logo.png\",\"contentUrl\":\"https:\/\/sorella.online\/wp-content\/uploads\/2020\/04\/logo.png\",\"width\":402,\"height\":70,\"caption\":\"SORELLA - polish fashion brand\"},\"image\":{\"@id\":\"https:\/\/sorella.online\/#logo\"}},{\"@type\":\"WebSite\",\"@id\":\"https:\/\/sorella.online\/#website\",\"url\":\"https:\/\/sorella.online\/\",\"name\":\"SORELLA\",\"description\":\"Nasze ubrania podkre\\u015blaj\\u0105 Twoj\\u0105 energi\\u0119 i pi\\u0119kno! Moda damska Sorella, sukienki dla odwa\\u017cnych i energicznych kobiet!\",\"publisher\":{\"@id\":\"https:\/\/sorella.online\/#organization\"},\"potentialAction\":[{\"@type\":\"SearchAction\",\"target\":\"https:\/\/sorella.online\/?s={search_term_string}\",\"query-input\":\"required name=search_term_string\"}],\"inLanguage\":\"en-US\"},{\"@type\":\"ImageObject\",\"@id\":\"https:\/\/sorella.online\/produkt\/spodenki-lorenza\/#primaryimage\",\"inLanguage\":\"en-US\",\"url\":\"https:\/\/sorella.online\/wp-content\/uploads\/2025\/03\/17-scaled.jpg\",\"contentUrl\":\"https:\/\/sorella.online\/wp-content\/uploads\/2025\/03\/17-scaled.jpg\",\"width\":1920,\"height\":2560},{\"@type\":\"WebPage\",\"@id\":\"https:\/\/sorella.online\/produkt\/spodenki-lorenza\/#webpage\",\"url\":\"https:\/\/sorella.online\/produkt\/spodenki-lorenza\/\",\"name\":\"Spodenki Lorenza - SORELLA\",\"isPartOf\":{\"@id\":\"https:\/\/sorella.online\/#website\"},\"primaryImageOfPage\":{\"@id\":\"https:\/\/sorella.online\/produkt\/spodenki-lorenza\/#primaryimage\"},\"datePublished\":\"2025-03-28T11:47:34+00:00\",\"dateModified\":\"2026-03-23T18:10:36+00:00\",\"breadcrumb\":{\"@id\":\"https:\/\/sorella.online\/produkt\/spodenki-lorenza\/#breadcrumb\"},\"inLanguage\":\"en-US\",\"potentialAction\":[{\"@type\":\"ReadAction\",\"target\":[\"https:\/\/sorella.online\/produkt\/spodenki-lorenza\/\"]}]},{\"@type\":\"BreadcrumbList\",\"@id\":\"https:\/\/sorella.online\/produkt\/spodenki-lorenza\/#breadcrumb\",\"itemListElement\":[{\"@type\":\"ListItem\",\"position\":1,\"item\":{\"@type\":\"WebPage\",\"@id\":\"https:\/\/sorella.online\/\",\"url\":\"https:\/\/sorella.online\/\",\"name\":\"Strona g\\u0142\\u00f3wna\"}},{\"@type\":\"ListItem\",\"position\":2,\"item\":{\"@type\":\"WebPage\",\"@id\":\"https:\/\/sorella.online\/sklep\/\",\"url\":\"https:\/\/sorella.online\/sklep\/\",\"name\":\"Sklep\"}},{\"@type\":\"ListItem\",\"position\":3,\"item\":{\"@type\":\"WebPage\",\"@id\":\"https:\/\/sorella.online\/produkt\/spodenki-lorenza\/\",\"url\":\"https:\/\/sorella.online\/produkt\/spodenki-lorenza\/\",\"name\":\"Spodenki Lorenza\"}}]}]}<\/script>\n<!-- \/ Yoast SEO plugin. -->","_links":{"self":[{"href":"https:\/\/sorella.online\/en\/wp-json\/wp\/v2\/product\/24610"}],"collection":[{"href":"https:\/\/sorella.online\/en\/wp-json\/wp\/v2\/product"}],"about":[{"href":"https:\/\/sorella.online\/en\/wp-json\/wp\/v2\/types\/product"}],"replies":[{"embeddable":true,"href":"https:\/\/sorella.online\/en\/wp-json\/wp\/v2\/comments?post=24610"}],"wp:featuredmedia":[{"embeddable":true,"href":"https:\/\/sorella.online\/en\/wp-json\/wp\/v2\/media\/24554"}],"wp:attachment":[{"href":"https:\/\/sorella.online\/en\/wp-json\/wp\/v2\/media?parent=24610"}],"curies":[{"name":"wp","href":"https:\/\/api.w.org\/{rel}","templated":true}]}}