{"id":24623,"date":"2025-03-28T13:12:33","date_gmt":"2025-03-28T12:12:33","guid":{"rendered":"https:\/\/sorella.online\/?post_type=product&#038;p=24623"},"modified":"2026-04-29T10:45:44","modified_gmt":"2026-04-29T08:45:44","slug":"spodnie-lourdes","status":"publish","type":"product","link":"https:\/\/sorella.online\/en\/product\/spodnie-lourdes\/","title":{"rendered":"Spodnie Lourdes"},"content":{"rendered":"<p>Spodnie o prostym kroju, wykonane z lekkiej i komfortowej bawe\u0142ny z regulacj\u0105 w pasie.<\/p>\n<p>Idealny komplet w po\u0142\u0105czeniu z koszul\u0105 Lourdes.<\/p>\n<p>Z t-shirtem Jacqueline tworz\u0105 codzienny look.<\/p>\n<p>&nbsp;<\/p>\n<p><strong>KOLEKCJA:<\/strong> SS\/25<br \/>\n<strong>ROZMIAR:<\/strong> Zalecamy wyb\u00f3r swojego rozmiaru<br \/>\n<strong>SK\u0141AD: <\/strong>98% bawe\u0142na, 2% elastan<br \/>\n<strong>DOSTAWA<\/strong>: Do 10 dni roboczych<\/p>","protected":false},"excerpt":{"rendered":"<p>Spodnie o prostym kroju, wykonane z lekkiej i komfortowej bawe\u0142ny z regulacj\u0105 w pasie. Idealny komplet w po\u0142\u0105czeniu z koszul\u0105 Lourdes. Z t-shirtem Jacqueline tworz\u0105 codzienny look. &nbsp; KOLEKCJA: SS\/25 ROZMIAR: Zalecamy wyb\u00f3r swojego rozmiaru SK\u0141AD: 98% bawe\u0142na, 2% elastan DOSTAWA: Do 10 dni roboczych<\/p>","protected":false},"featured_media":24548,"comment_status":"open","ping_status":"closed","template":"","meta":{"inline_featured_image":false},"yoast_head":"<!-- This site is optimized with the Yoast SEO plugin v16.1.1 - https:\/\/yoast.com\/wordpress\/plugins\/seo\/ -->\n<title>Spodnie Lourdes - SORELLA<\/title>\n<link rel=\"canonical\" href=\"https:\/\/sorella.online\/en\/product\/spodnie-lourdes\/\" \/>\n<meta property=\"og:locale\" content=\"en_US\" \/>\n<meta property=\"og:type\" content=\"article\" \/>\n<meta property=\"og:title\" content=\"Spodnie Lourdes - SORELLA\" \/>\n<meta property=\"og:description\" content=\"Spodnie o prostym kroju, wykonane z lekkiej i komfortowej bawe\u0142ny z regulacj\u0105 w pasie. Idealny komplet w po\u0142\u0105czeniu z koszul\u0105 Lourdes. Z t-shirtem Jacqueline tworz\u0105 codzienny look. &nbsp; KOLEKCJA: SS\/25 ROZMIAR: Zalecamy wyb\u00f3r swojego rozmiaru SK\u0141AD: 98% bawe\u0142na, 2% elastan DOSTAWA: Do 10 dni roboczych\" \/>\n<meta property=\"og:url\" content=\"https:\/\/sorella.online\/en\/product\/spodnie-lourdes\/\" \/>\n<meta property=\"og:site_name\" content=\"SORELLA\" \/>\n<meta property=\"article:publisher\" content=\"https:\/\/www.facebook.com\/sorellapoland\" \/>\n<meta property=\"article:modified_time\" content=\"2026-04-29T08:45:44+00:00\" \/>\n<meta property=\"og:image\" content=\"https:\/\/sorella.online\/wp-content\/uploads\/2025\/03\/25-scaled.jpg\" \/>\n\t<meta property=\"og:image:width\" content=\"1920\" \/>\n\t<meta property=\"og:image:height\" content=\"2560\" \/>\n<meta name=\"twitter:card\" content=\"summary_large_image\" \/>\n<meta name=\"twitter:label1\" content=\"Est. reading time\">\n\t<meta name=\"twitter:data1\" content=\"1 minute\">\n<script type=\"application\/ld+json\" class=\"yoast-schema-graph\">{\"@context\":\"https:\/\/schema.org\",\"@graph\":[{\"@type\":\"Organization\",\"@id\":\"https:\/\/sorella.online\/#organization\",\"name\":\"SORELLA - polish fashion brand\",\"url\":\"https:\/\/sorella.online\/\",\"sameAs\":[\"https:\/\/www.facebook.com\/sorellapoland\",\"https:\/\/instagram.com\/sorellafashion\"],\"logo\":{\"@type\":\"ImageObject\",\"@id\":\"https:\/\/sorella.online\/#logo\",\"inLanguage\":\"en-US\",\"url\":\"https:\/\/sorella.online\/wp-content\/uploads\/2020\/04\/logo.png\",\"contentUrl\":\"https:\/\/sorella.online\/wp-content\/uploads\/2020\/04\/logo.png\",\"width\":402,\"height\":70,\"caption\":\"SORELLA - polish fashion brand\"},\"image\":{\"@id\":\"https:\/\/sorella.online\/#logo\"}},{\"@type\":\"WebSite\",\"@id\":\"https:\/\/sorella.online\/#website\",\"url\":\"https:\/\/sorella.online\/\",\"name\":\"SORELLA\",\"description\":\"Nasze ubrania podkre\\u015blaj\\u0105 Twoj\\u0105 energi\\u0119 i pi\\u0119kno! Moda damska Sorella, sukienki dla odwa\\u017cnych i energicznych kobiet!\",\"publisher\":{\"@id\":\"https:\/\/sorella.online\/#organization\"},\"potentialAction\":[{\"@type\":\"SearchAction\",\"target\":\"https:\/\/sorella.online\/?s={search_term_string}\",\"query-input\":\"required name=search_term_string\"}],\"inLanguage\":\"en-US\"},{\"@type\":\"ImageObject\",\"@id\":\"https:\/\/sorella.online\/produkt\/spodnie-lourdes\/#primaryimage\",\"inLanguage\":\"en-US\",\"url\":\"https:\/\/sorella.online\/wp-content\/uploads\/2025\/03\/25-scaled.jpg\",\"contentUrl\":\"https:\/\/sorella.online\/wp-content\/uploads\/2025\/03\/25-scaled.jpg\",\"width\":1920,\"height\":2560},{\"@type\":\"WebPage\",\"@id\":\"https:\/\/sorella.online\/produkt\/spodnie-lourdes\/#webpage\",\"url\":\"https:\/\/sorella.online\/produkt\/spodnie-lourdes\/\",\"name\":\"Spodnie Lourdes - SORELLA\",\"isPartOf\":{\"@id\":\"https:\/\/sorella.online\/#website\"},\"primaryImageOfPage\":{\"@id\":\"https:\/\/sorella.online\/produkt\/spodnie-lourdes\/#primaryimage\"},\"datePublished\":\"2025-03-28T12:12:33+00:00\",\"dateModified\":\"2026-04-29T08:45:44+00:00\",\"breadcrumb\":{\"@id\":\"https:\/\/sorella.online\/produkt\/spodnie-lourdes\/#breadcrumb\"},\"inLanguage\":\"en-US\",\"potentialAction\":[{\"@type\":\"ReadAction\",\"target\":[\"https:\/\/sorella.online\/produkt\/spodnie-lourdes\/\"]}]},{\"@type\":\"BreadcrumbList\",\"@id\":\"https:\/\/sorella.online\/produkt\/spodnie-lourdes\/#breadcrumb\",\"itemListElement\":[{\"@type\":\"ListItem\",\"position\":1,\"item\":{\"@type\":\"WebPage\",\"@id\":\"https:\/\/sorella.online\/\",\"url\":\"https:\/\/sorella.online\/\",\"name\":\"Strona g\\u0142\\u00f3wna\"}},{\"@type\":\"ListItem\",\"position\":2,\"item\":{\"@type\":\"WebPage\",\"@id\":\"https:\/\/sorella.online\/sklep\/\",\"url\":\"https:\/\/sorella.online\/sklep\/\",\"name\":\"Sklep\"}},{\"@type\":\"ListItem\",\"position\":3,\"item\":{\"@type\":\"WebPage\",\"@id\":\"https:\/\/sorella.online\/produkt\/spodnie-lourdes\/\",\"url\":\"https:\/\/sorella.online\/produkt\/spodnie-lourdes\/\",\"name\":\"Spodnie Lourdes\"}}]}]}<\/script>\n<!-- \/ Yoast SEO plugin. -->","_links":{"self":[{"href":"https:\/\/sorella.online\/en\/wp-json\/wp\/v2\/product\/24623"}],"collection":[{"href":"https:\/\/sorella.online\/en\/wp-json\/wp\/v2\/product"}],"about":[{"href":"https:\/\/sorella.online\/en\/wp-json\/wp\/v2\/types\/product"}],"replies":[{"embeddable":true,"href":"https:\/\/sorella.online\/en\/wp-json\/wp\/v2\/comments?post=24623"}],"wp:featuredmedia":[{"embeddable":true,"href":"https:\/\/sorella.online\/en\/wp-json\/wp\/v2\/media\/24548"}],"wp:attachment":[{"href":"https:\/\/sorella.online\/en\/wp-json\/wp\/v2\/media?parent=24623"}],"curies":[{"name":"wp","href":"https:\/\/api.w.org\/{rel}","templated":true}]}}