{"id":35449,"date":"2025-09-18T11:34:20","date_gmt":"2025-09-18T09:34:20","guid":{"rendered":"https:\/\/sorella.online\/?post_type=product&#038;p=35449"},"modified":"2026-04-17T08:08:50","modified_gmt":"2026-04-17T06:08:50","slug":"kurtka-stokholm","status":"publish","type":"product","link":"https:\/\/sorella.online\/en\/product\/kurtka-stokholm\/","title":{"rendered":"Kurtka Stokholm"},"content":{"rendered":"<p>Kurtka Stokholm to model bomberki , wykonana z mi\u0119kkiej we\u0142ny o modnym wzorze jode\u0142ki w pi\u0119knym odcieniu be\u017cu i kamelu.<\/p>\n<p>Zapinana na guziki, posiada \u015bci\u0105gacz w pasie , dwie kieszenie , wysok\u0105 st\u00f3jk\u0119 oraz ciekawy element ozdobny w postaci pagon\u00f3w.<\/p>\n<p>Idealnie sprawdzi si\u0119 w po\u0142\u0105czeniu z cygaretkami czy te\u017c w wersji codziennej z\u00a0 jeansami.<\/p>\n<p>&nbsp;<\/p>\n<p>&nbsp;<\/p>\n<p>&nbsp;<\/p>\n<p>KOLEKCJA: J\/Z 25\/26<br \/>\nROZMIAR: Zalecamy wyb\u00f3r swojego rozmiaru<br \/>\nSK\u0141AD:\u00a0 59% poliester, 32% we\u0142na, 9% metal<\/p>\n<p>DOSTAWA: Do 3 dni roboczych<br \/>\nWYSY\u0141KA: Mo\u017cliwa wysy\u0142ka kurierem po przedp\u0142acie lub za pobraniem<\/p>","protected":false},"excerpt":{"rendered":"<p>Kurtka Stokholm to model bomberki , wykonana z mi\u0119kkiej we\u0142ny o modnym wzorze jode\u0142ki w pi\u0119knym odcieniu be\u017cu i kamelu. Zapinana na guziki, posiada \u015bci\u0105gacz w pasie , dwie kieszenie , wysok\u0105 st\u00f3jk\u0119 oraz ciekawy element ozdobny w postaci pagon\u00f3w. Idealnie sprawdzi si\u0119 w po\u0142\u0105czeniu z cygaretkami czy te\u017c w wersji codziennej z\u00a0 jeansami. &nbsp;&hellip; <a class=\"more-link\" href=\"https:\/\/sorella.online\/en\/product\/kurtka-stokholm\/\">Continue reading <span class=\"screen-reader-text\">Kurtka Stokholm<\/span><\/a><\/p>","protected":false},"featured_media":38821,"comment_status":"open","ping_status":"closed","template":"","meta":{"inline_featured_image":false},"yoast_head":"<!-- This site is optimized with the Yoast SEO plugin v16.1.1 - https:\/\/yoast.com\/wordpress\/plugins\/seo\/ -->\n<title>Kurtka Stokholm - SORELLA<\/title>\n<link rel=\"canonical\" href=\"https:\/\/sorella.online\/en\/product\/kurtka-stokholm\/\" \/>\n<meta property=\"og:locale\" content=\"en_US\" \/>\n<meta property=\"og:type\" content=\"article\" \/>\n<meta property=\"og:title\" content=\"Kurtka Stokholm - SORELLA\" \/>\n<meta property=\"og:description\" content=\"Kurtka Stokholm to model bomberki , wykonana z mi\u0119kkiej we\u0142ny o modnym wzorze jode\u0142ki w pi\u0119knym odcieniu be\u017cu i kamelu. Zapinana na guziki, posiada \u015bci\u0105gacz w pasie , dwie kieszenie , wysok\u0105 st\u00f3jk\u0119 oraz ciekawy element ozdobny w postaci pagon\u00f3w. Idealnie sprawdzi si\u0119 w po\u0142\u0105czeniu z cygaretkami czy te\u017c w wersji codziennej z\u00a0 jeansami. &nbsp;&hellip; Continue reading Kurtka Stokholm\" \/>\n<meta property=\"og:url\" content=\"https:\/\/sorella.online\/en\/product\/kurtka-stokholm\/\" \/>\n<meta property=\"og:site_name\" content=\"SORELLA\" \/>\n<meta property=\"article:publisher\" content=\"https:\/\/www.facebook.com\/sorellapoland\" \/>\n<meta property=\"article:modified_time\" content=\"2026-04-17T06:08:50+00:00\" \/>\n<meta property=\"og:image\" content=\"https:\/\/sorella.online\/wp-content\/uploads\/2025\/09\/Screenshot_20251113_100556_Instagram.jpg\" \/>\n\t<meta property=\"og:image:width\" content=\"1079\" \/>\n\t<meta property=\"og:image:height\" content=\"1453\" \/>\n<meta name=\"twitter:card\" content=\"summary_large_image\" \/>\n<meta name=\"twitter:label1\" content=\"Est. reading time\">\n\t<meta name=\"twitter:data1\" content=\"1 minute\">\n<script type=\"application\/ld+json\" class=\"yoast-schema-graph\">{\"@context\":\"https:\/\/schema.org\",\"@graph\":[{\"@type\":\"Organization\",\"@id\":\"https:\/\/sorella.online\/#organization\",\"name\":\"SORELLA - polish fashion brand\",\"url\":\"https:\/\/sorella.online\/\",\"sameAs\":[\"https:\/\/www.facebook.com\/sorellapoland\",\"https:\/\/instagram.com\/sorellafashion\"],\"logo\":{\"@type\":\"ImageObject\",\"@id\":\"https:\/\/sorella.online\/#logo\",\"inLanguage\":\"en-US\",\"url\":\"https:\/\/sorella.online\/wp-content\/uploads\/2020\/04\/logo.png\",\"contentUrl\":\"https:\/\/sorella.online\/wp-content\/uploads\/2020\/04\/logo.png\",\"width\":402,\"height\":70,\"caption\":\"SORELLA - polish fashion brand\"},\"image\":{\"@id\":\"https:\/\/sorella.online\/#logo\"}},{\"@type\":\"WebSite\",\"@id\":\"https:\/\/sorella.online\/#website\",\"url\":\"https:\/\/sorella.online\/\",\"name\":\"SORELLA\",\"description\":\"Nasze ubrania podkre\\u015blaj\\u0105 Twoj\\u0105 energi\\u0119 i pi\\u0119kno! Moda damska Sorella, sukienki dla odwa\\u017cnych i energicznych kobiet!\",\"publisher\":{\"@id\":\"https:\/\/sorella.online\/#organization\"},\"potentialAction\":[{\"@type\":\"SearchAction\",\"target\":\"https:\/\/sorella.online\/?s={search_term_string}\",\"query-input\":\"required name=search_term_string\"}],\"inLanguage\":\"en-US\"},{\"@type\":\"ImageObject\",\"@id\":\"https:\/\/sorella.online\/produkt\/kurtka-stokholm\/#primaryimage\",\"inLanguage\":\"en-US\",\"url\":\"https:\/\/sorella.online\/wp-content\/uploads\/2025\/09\/Screenshot_20251113_100556_Instagram.jpg\",\"contentUrl\":\"https:\/\/sorella.online\/wp-content\/uploads\/2025\/09\/Screenshot_20251113_100556_Instagram.jpg\",\"width\":1079,\"height\":1453},{\"@type\":\"WebPage\",\"@id\":\"https:\/\/sorella.online\/produkt\/kurtka-stokholm\/#webpage\",\"url\":\"https:\/\/sorella.online\/produkt\/kurtka-stokholm\/\",\"name\":\"Kurtka Stokholm - SORELLA\",\"isPartOf\":{\"@id\":\"https:\/\/sorella.online\/#website\"},\"primaryImageOfPage\":{\"@id\":\"https:\/\/sorella.online\/produkt\/kurtka-stokholm\/#primaryimage\"},\"datePublished\":\"2025-09-18T09:34:20+00:00\",\"dateModified\":\"2026-04-17T06:08:50+00:00\",\"breadcrumb\":{\"@id\":\"https:\/\/sorella.online\/produkt\/kurtka-stokholm\/#breadcrumb\"},\"inLanguage\":\"en-US\",\"potentialAction\":[{\"@type\":\"ReadAction\",\"target\":[\"https:\/\/sorella.online\/produkt\/kurtka-stokholm\/\"]}]},{\"@type\":\"BreadcrumbList\",\"@id\":\"https:\/\/sorella.online\/produkt\/kurtka-stokholm\/#breadcrumb\",\"itemListElement\":[{\"@type\":\"ListItem\",\"position\":1,\"item\":{\"@type\":\"WebPage\",\"@id\":\"https:\/\/sorella.online\/\",\"url\":\"https:\/\/sorella.online\/\",\"name\":\"Strona g\\u0142\\u00f3wna\"}},{\"@type\":\"ListItem\",\"position\":2,\"item\":{\"@type\":\"WebPage\",\"@id\":\"https:\/\/sorella.online\/sklep\/\",\"url\":\"https:\/\/sorella.online\/sklep\/\",\"name\":\"Sklep\"}},{\"@type\":\"ListItem\",\"position\":3,\"item\":{\"@type\":\"WebPage\",\"@id\":\"https:\/\/sorella.online\/produkt\/kurtka-stokholm\/\",\"url\":\"https:\/\/sorella.online\/produkt\/kurtka-stokholm\/\",\"name\":\"Kurtka Stokholm\"}}]}]}<\/script>\n<!-- \/ Yoast SEO plugin. -->","_links":{"self":[{"href":"https:\/\/sorella.online\/en\/wp-json\/wp\/v2\/product\/35449"}],"collection":[{"href":"https:\/\/sorella.online\/en\/wp-json\/wp\/v2\/product"}],"about":[{"href":"https:\/\/sorella.online\/en\/wp-json\/wp\/v2\/types\/product"}],"replies":[{"embeddable":true,"href":"https:\/\/sorella.online\/en\/wp-json\/wp\/v2\/comments?post=35449"}],"wp:featuredmedia":[{"embeddable":true,"href":"https:\/\/sorella.online\/en\/wp-json\/wp\/v2\/media\/38821"}],"wp:attachment":[{"href":"https:\/\/sorella.online\/en\/wp-json\/wp\/v2\/media?parent=35449"}],"curies":[{"name":"wp","href":"https:\/\/api.w.org\/{rel}","templated":true}]}}