{"id":38816,"date":"2025-09-18T09:57:36","date_gmt":"2025-09-18T07:57:36","guid":{"rendered":"https:\/\/sorella.online\/?post_type=product&#038;p=38816"},"modified":"2026-02-02T11:56:55","modified_gmt":"2026-02-02T10:56:55","slug":"spodnica-panama-brown","status":"publish","type":"product","link":"https:\/\/sorella.online\/en\/product\/spodnica-panama-brown\/","title":{"rendered":"Sp\u00f3dnica Panama brown"},"content":{"rendered":"<p>Sp\u00f3dnica PANAMA to model skin fit, zaprojektowana tak, aby przylega\u0107 do sylwetki.<\/p>\n<p>Uszyta z bardzo mi\u0142ej w dotyku oraz spr\u0119\u017cystej dzianiny.<\/p>\n<p>Marszczenia z przodu i ty\u0142u podkre\u015blaj\u0105 sylwetk\u0119 a zarazem tuszuj\u0105 ewentualne niedoskona\u0142o\u015bci.<\/p>\n<p>Ten model stanowi idealne dope\u0142nienie stylizacji z bluzk\u0105 Porto.<\/p>\n<p>Wyst\u0119puje w dw\u00f3ch kolorach czarnym oraz br\u0105zowym.<\/p>\n<p>&nbsp;<\/p>\n<p>&nbsp;<\/p>\n<div class=\"elementor-element elementor-element-9f72f1d elementor-widget elementor-widget-woocommerce-product-content\" data-id=\"9f72f1d\" data-element_type=\"widget\" data-widget_type=\"woocommerce-product-content.default\">\n<div class=\"elementor-widget-container\">\n<p>Modelka ma 171cm wzrost i prezentuje rozmiar 34.<\/p>\n<p>&nbsp;<\/p>\n<p>KOLEKCJA: JZ\/25\/26<br \/>\nROZMIAR: Zalecamy wyb\u00f3r swojego rozmiaru<br \/>\nSK\u0141AD: 90% wiskoza, 10% elastan<br \/>\nDOSTAWA: Do 3 dni roboczych<\/p>\n<\/div>\n<\/div>\n<div class=\"elementor-element elementor-element-76d5729 elementor-widget elementor-widget-heading\" data-id=\"76d5729\" data-element_type=\"widget\" data-widget_type=\"heading.default\">\n<div class=\"elementor-widget-container\"><\/div>\n<\/div>\n<div class=\"elementor-element elementor-element-c473ea0 elementor-widget elementor-widget-heading\" data-id=\"c473ea0\" data-element_type=\"widget\" data-widget_type=\"heading.default\">\n<div class=\"elementor-widget-container\"><\/div>\n<\/div>","protected":false},"excerpt":{"rendered":"<p>Sp\u00f3dnica PANAMA to model skin fit, zaprojektowana tak, aby przylega\u0107 do sylwetki. Uszyta z bardzo mi\u0142ej w dotyku oraz spr\u0119\u017cystej dzianiny. Marszczenia z przodu i ty\u0142u podkre\u015blaj\u0105 sylwetk\u0119 a zarazem tuszuj\u0105 ewentualne niedoskona\u0142o\u015bci. Ten model stanowi idealne dope\u0142nienie stylizacji z bluzk\u0105 Porto. Wyst\u0119puje w dw\u00f3ch kolorach czarnym oraz br\u0105zowym. &nbsp; &nbsp; Modelka ma 171cm wzrost&hellip; <a class=\"more-link\" href=\"https:\/\/sorella.online\/en\/product\/spodnica-panama-brown\/\">Continue reading <span class=\"screen-reader-text\">Sp\u00f3dnica Panama brown<\/span><\/a><\/p>","protected":false},"featured_media":38815,"comment_status":"open","ping_status":"closed","template":"","meta":{"inline_featured_image":false},"yoast_head":"<!-- This site is optimized with the Yoast SEO plugin v16.1.1 - https:\/\/yoast.com\/wordpress\/plugins\/seo\/ -->\n<title>Sp\u00f3dnica Panama brown - SORELLA<\/title>\n<link rel=\"canonical\" href=\"https:\/\/sorella.online\/en\/product\/spodnica-panama-brown\/\" \/>\n<meta property=\"og:locale\" content=\"en_US\" \/>\n<meta property=\"og:type\" content=\"article\" \/>\n<meta property=\"og:title\" content=\"Sp\u00f3dnica Panama brown - SORELLA\" \/>\n<meta property=\"og:description\" content=\"Sp\u00f3dnica PANAMA to model skin fit, zaprojektowana tak, aby przylega\u0107 do sylwetki. Uszyta z bardzo mi\u0142ej w dotyku oraz spr\u0119\u017cystej dzianiny. Marszczenia z przodu i ty\u0142u podkre\u015blaj\u0105 sylwetk\u0119 a zarazem tuszuj\u0105 ewentualne niedoskona\u0142o\u015bci. Ten model stanowi idealne dope\u0142nienie stylizacji z bluzk\u0105 Porto. Wyst\u0119puje w dw\u00f3ch kolorach czarnym oraz br\u0105zowym. &nbsp; &nbsp; Modelka ma 171cm wzrost&hellip; Continue reading Sp\u00f3dnica Panama brown\" \/>\n<meta property=\"og:url\" content=\"https:\/\/sorella.online\/en\/product\/spodnica-panama-brown\/\" \/>\n<meta property=\"og:site_name\" content=\"SORELLA\" \/>\n<meta property=\"article:publisher\" content=\"https:\/\/www.facebook.com\/sorellapoland\" \/>\n<meta property=\"article:modified_time\" content=\"2026-02-02T10:56:55+00:00\" \/>\n<meta property=\"og:image\" content=\"https:\/\/sorella.online\/wp-content\/uploads\/2025\/11\/IM2A1980.jpg\" \/>\n\t<meta property=\"og:image:width\" content=\"1365\" \/>\n\t<meta property=\"og:image:height\" content=\"2048\" \/>\n<meta name=\"twitter:card\" content=\"summary_large_image\" \/>\n<meta name=\"twitter:label1\" content=\"Est. reading time\">\n\t<meta name=\"twitter:data1\" content=\"1 minute\">\n<script type=\"application\/ld+json\" class=\"yoast-schema-graph\">{\"@context\":\"https:\/\/schema.org\",\"@graph\":[{\"@type\":\"Organization\",\"@id\":\"https:\/\/sorella.online\/#organization\",\"name\":\"SORELLA - polish fashion brand\",\"url\":\"https:\/\/sorella.online\/\",\"sameAs\":[\"https:\/\/www.facebook.com\/sorellapoland\",\"https:\/\/instagram.com\/sorellafashion\"],\"logo\":{\"@type\":\"ImageObject\",\"@id\":\"https:\/\/sorella.online\/#logo\",\"inLanguage\":\"en-US\",\"url\":\"https:\/\/sorella.online\/wp-content\/uploads\/2020\/04\/logo.png\",\"contentUrl\":\"https:\/\/sorella.online\/wp-content\/uploads\/2020\/04\/logo.png\",\"width\":402,\"height\":70,\"caption\":\"SORELLA - polish fashion brand\"},\"image\":{\"@id\":\"https:\/\/sorella.online\/#logo\"}},{\"@type\":\"WebSite\",\"@id\":\"https:\/\/sorella.online\/#website\",\"url\":\"https:\/\/sorella.online\/\",\"name\":\"SORELLA\",\"description\":\"Nasze ubrania podkre\\u015blaj\\u0105 Twoj\\u0105 energi\\u0119 i pi\\u0119kno! Moda damska Sorella, sukienki dla odwa\\u017cnych i energicznych kobiet!\",\"publisher\":{\"@id\":\"https:\/\/sorella.online\/#organization\"},\"potentialAction\":[{\"@type\":\"SearchAction\",\"target\":\"https:\/\/sorella.online\/?s={search_term_string}\",\"query-input\":\"required name=search_term_string\"}],\"inLanguage\":\"en-US\"},{\"@type\":\"ImageObject\",\"@id\":\"https:\/\/sorella.online\/produkt\/spodnica-panama-brown\/#primaryimage\",\"inLanguage\":\"en-US\",\"url\":\"https:\/\/sorella.online\/wp-content\/uploads\/2025\/11\/IM2A1980.jpg\",\"contentUrl\":\"https:\/\/sorella.online\/wp-content\/uploads\/2025\/11\/IM2A1980.jpg\",\"width\":1365,\"height\":2048},{\"@type\":\"WebPage\",\"@id\":\"https:\/\/sorella.online\/produkt\/spodnica-panama-brown\/#webpage\",\"url\":\"https:\/\/sorella.online\/produkt\/spodnica-panama-brown\/\",\"name\":\"Sp\\u00f3dnica Panama brown - SORELLA\",\"isPartOf\":{\"@id\":\"https:\/\/sorella.online\/#website\"},\"primaryImageOfPage\":{\"@id\":\"https:\/\/sorella.online\/produkt\/spodnica-panama-brown\/#primaryimage\"},\"datePublished\":\"2025-09-18T07:57:36+00:00\",\"dateModified\":\"2026-02-02T10:56:55+00:00\",\"breadcrumb\":{\"@id\":\"https:\/\/sorella.online\/produkt\/spodnica-panama-brown\/#breadcrumb\"},\"inLanguage\":\"en-US\",\"potentialAction\":[{\"@type\":\"ReadAction\",\"target\":[\"https:\/\/sorella.online\/produkt\/spodnica-panama-brown\/\"]}]},{\"@type\":\"BreadcrumbList\",\"@id\":\"https:\/\/sorella.online\/produkt\/spodnica-panama-brown\/#breadcrumb\",\"itemListElement\":[{\"@type\":\"ListItem\",\"position\":1,\"item\":{\"@type\":\"WebPage\",\"@id\":\"https:\/\/sorella.online\/\",\"url\":\"https:\/\/sorella.online\/\",\"name\":\"Strona g\\u0142\\u00f3wna\"}},{\"@type\":\"ListItem\",\"position\":2,\"item\":{\"@type\":\"WebPage\",\"@id\":\"https:\/\/sorella.online\/sklep\/\",\"url\":\"https:\/\/sorella.online\/sklep\/\",\"name\":\"Sklep\"}},{\"@type\":\"ListItem\",\"position\":3,\"item\":{\"@type\":\"WebPage\",\"@id\":\"https:\/\/sorella.online\/produkt\/spodnica-panama-brown\/\",\"url\":\"https:\/\/sorella.online\/produkt\/spodnica-panama-brown\/\",\"name\":\"Sp\\u00f3dnica Panama brown\"}}]}]}<\/script>\n<!-- \/ Yoast SEO plugin. -->","_links":{"self":[{"href":"https:\/\/sorella.online\/en\/wp-json\/wp\/v2\/product\/38816"}],"collection":[{"href":"https:\/\/sorella.online\/en\/wp-json\/wp\/v2\/product"}],"about":[{"href":"https:\/\/sorella.online\/en\/wp-json\/wp\/v2\/types\/product"}],"replies":[{"embeddable":true,"href":"https:\/\/sorella.online\/en\/wp-json\/wp\/v2\/comments?post=38816"}],"wp:featuredmedia":[{"embeddable":true,"href":"https:\/\/sorella.online\/en\/wp-json\/wp\/v2\/media\/38815"}],"wp:attachment":[{"href":"https:\/\/sorella.online\/en\/wp-json\/wp\/v2\/media?parent=38816"}],"curies":[{"name":"wp","href":"https:\/\/api.w.org\/{rel}","templated":true}]}}