{"id":44766,"date":"2026-03-06T09:49:57","date_gmt":"2026-03-06T08:49:57","guid":{"rendered":"https:\/\/sorella.online\/?post_type=product&#038;p=44766"},"modified":"2026-04-01T08:06:20","modified_gmt":"2026-04-01T06:06:20","slug":"koszula-werona-pink","status":"publish","type":"product","link":"https:\/\/sorella.online\/en\/product\/koszula-werona-pink\/","title":{"rendered":"Koszula Werona pink"},"content":{"rendered":"<div class=\"elementor-element elementor-element-9f72f1d elementor-widget elementor-widget-woocommerce-product-content\" data-id=\"9f72f1d\" data-element_type=\"widget\" data-widget_type=\"woocommerce-product-content.default\">\n<div class=\"elementor-widget-container\">\n<p>Werona pink to nowa ods\u0142ona naszego bestsellerowego klasyka\u00a0 w\u00a0 po\u0142\u0105czeniu\u00a0 koloru ciep\u0142ej bieli oaz r\u00f3\u017cu.<\/p>\n<p>Koszula zosta\u0142a wykonana z bawe\u0142ny co zapewnia wyj\u0105tkow\u0105 przewiewno\u015b\u0107, komfort noszenia oraz naturaln\u0105 mi\u0119kko\u015b\u0107. Obni\u017cone ramiona i r\u0119kaw zako\u0144czony d\u0142ugim mankietem nadaj\u0105 nowoczesnego looku.<\/p>\n<p>&nbsp;<\/p>\n<p>&nbsp;<\/p>\n<p>Modelka ma 174cm wzrostu i prezentuje rozmiar 34.<\/p>\n<p>&nbsp;<\/p>\n<p>KOLEKCJA: WL\/26<br \/>\nROZMIAR: Zalecamy wyb\u00f3r swojego rozmiaru<br \/>\nSK\u0141AD: 98% bawe\u0142na,2 % elastan<br \/>\nDOSTAWA: Do 3 dni roboczych<br \/>\nWYSY\u0141KA: Mo\u017cliwa wysy\u0142ka kurierem po przedp\u0142acie lub za pobraniem<\/p>\n<\/div>\n<\/div>\n<div class=\"elementor-element elementor-element-76d5729 elementor-widget elementor-widget-heading\" data-id=\"76d5729\" data-element_type=\"widget\" data-widget_type=\"heading.default\">\n<div class=\"elementor-widget-container\"><span class=\"elementor-heading-title elementor-size-default\">Sk\u0142ad: 100 % bawe\u0142na<\/span><\/div>\n<\/div>\n<div class=\"elementor-element elementor-element-c473ea0 elementor-widget elementor-widget-heading\" data-id=\"c473ea0\" data-element_type=\"widget\" data-widget_type=\"heading.default\">\n<div class=\"elementor-widget-container\"><span class=\"elementor-heading-title elementor-size-default\">Made in Poland!<\/span><\/div>\n<\/div>","protected":false},"excerpt":{"rendered":"<p>Werona pink to nowa ods\u0142ona naszego bestsellerowego klasyka\u00a0 w\u00a0 po\u0142\u0105czeniu\u00a0 koloru ciep\u0142ej bieli oaz r\u00f3\u017cu. Koszula zosta\u0142a wykonana z bawe\u0142ny co zapewnia wyj\u0105tkow\u0105 przewiewno\u015b\u0107, komfort noszenia oraz naturaln\u0105 mi\u0119kko\u015b\u0107. Obni\u017cone ramiona i r\u0119kaw zako\u0144czony d\u0142ugim mankietem nadaj\u0105 nowoczesnego looku. &nbsp; &nbsp; Modelka ma 174cm wzrostu i prezentuje rozmiar 34. &nbsp; KOLEKCJA: WL\/26 ROZMIAR: Zalecamy wyb\u00f3r&hellip; <a class=\"more-link\" href=\"https:\/\/sorella.online\/en\/product\/koszula-werona-pink\/\">Continue reading <span class=\"screen-reader-text\">Koszula Werona pink<\/span><\/a><\/p>","protected":false},"featured_media":46268,"comment_status":"open","ping_status":"closed","template":"","meta":{"inline_featured_image":false},"yoast_head":"<!-- This site is optimized with the Yoast SEO plugin v16.1.1 - https:\/\/yoast.com\/wordpress\/plugins\/seo\/ -->\n<title>Koszula Werona pink - SORELLA<\/title>\n<link rel=\"canonical\" href=\"https:\/\/sorella.online\/en\/product\/koszula-werona-pink\/\" \/>\n<meta property=\"og:locale\" content=\"en_US\" \/>\n<meta property=\"og:type\" content=\"article\" \/>\n<meta property=\"og:title\" content=\"Koszula Werona pink - SORELLA\" \/>\n<meta property=\"og:description\" content=\"Werona pink to nowa ods\u0142ona naszego bestsellerowego klasyka\u00a0 w\u00a0 po\u0142\u0105czeniu\u00a0 koloru ciep\u0142ej bieli oaz r\u00f3\u017cu. Koszula zosta\u0142a wykonana z bawe\u0142ny co zapewnia wyj\u0105tkow\u0105 przewiewno\u015b\u0107, komfort noszenia oraz naturaln\u0105 mi\u0119kko\u015b\u0107. Obni\u017cone ramiona i r\u0119kaw zako\u0144czony d\u0142ugim mankietem nadaj\u0105 nowoczesnego looku. &nbsp; &nbsp; Modelka ma 174cm wzrostu i prezentuje rozmiar 34. &nbsp; KOLEKCJA: WL\/26 ROZMIAR: Zalecamy wyb\u00f3r&hellip; Continue reading Koszula Werona pink\" \/>\n<meta property=\"og:url\" content=\"https:\/\/sorella.online\/en\/product\/koszula-werona-pink\/\" \/>\n<meta property=\"og:site_name\" content=\"SORELLA\" \/>\n<meta property=\"article:publisher\" content=\"https:\/\/www.facebook.com\/sorellapoland\" \/>\n<meta property=\"article:modified_time\" content=\"2026-04-01T06:06:20+00:00\" \/>\n<meta property=\"og:image\" content=\"https:\/\/sorella.online\/wp-content\/uploads\/2026\/03\/IM2A3446.jpg\" \/>\n\t<meta property=\"og:image:width\" content=\"1365\" \/>\n\t<meta property=\"og:image:height\" content=\"2048\" \/>\n<meta name=\"twitter:card\" content=\"summary_large_image\" \/>\n<meta name=\"twitter:label1\" content=\"Est. reading time\">\n\t<meta name=\"twitter:data1\" content=\"1 minute\">\n<script type=\"application\/ld+json\" class=\"yoast-schema-graph\">{\"@context\":\"https:\/\/schema.org\",\"@graph\":[{\"@type\":\"Organization\",\"@id\":\"https:\/\/sorella.online\/#organization\",\"name\":\"SORELLA - polish fashion brand\",\"url\":\"https:\/\/sorella.online\/\",\"sameAs\":[\"https:\/\/www.facebook.com\/sorellapoland\",\"https:\/\/instagram.com\/sorellafashion\"],\"logo\":{\"@type\":\"ImageObject\",\"@id\":\"https:\/\/sorella.online\/#logo\",\"inLanguage\":\"en-US\",\"url\":\"https:\/\/sorella.online\/wp-content\/uploads\/2020\/04\/logo.png\",\"contentUrl\":\"https:\/\/sorella.online\/wp-content\/uploads\/2020\/04\/logo.png\",\"width\":402,\"height\":70,\"caption\":\"SORELLA - polish fashion brand\"},\"image\":{\"@id\":\"https:\/\/sorella.online\/#logo\"}},{\"@type\":\"WebSite\",\"@id\":\"https:\/\/sorella.online\/#website\",\"url\":\"https:\/\/sorella.online\/\",\"name\":\"SORELLA\",\"description\":\"Nasze ubrania podkre\\u015blaj\\u0105 Twoj\\u0105 energi\\u0119 i pi\\u0119kno! Moda damska Sorella, sukienki dla odwa\\u017cnych i energicznych kobiet!\",\"publisher\":{\"@id\":\"https:\/\/sorella.online\/#organization\"},\"potentialAction\":[{\"@type\":\"SearchAction\",\"target\":\"https:\/\/sorella.online\/?s={search_term_string}\",\"query-input\":\"required name=search_term_string\"}],\"inLanguage\":\"en-US\"},{\"@type\":\"ImageObject\",\"@id\":\"https:\/\/sorella.online\/produkt\/koszula-werona-pink\/#primaryimage\",\"inLanguage\":\"en-US\",\"url\":\"https:\/\/sorella.online\/wp-content\/uploads\/2026\/03\/IM2A3446.jpg\",\"contentUrl\":\"https:\/\/sorella.online\/wp-content\/uploads\/2026\/03\/IM2A3446.jpg\",\"width\":1365,\"height\":2048},{\"@type\":\"WebPage\",\"@id\":\"https:\/\/sorella.online\/produkt\/koszula-werona-pink\/#webpage\",\"url\":\"https:\/\/sorella.online\/produkt\/koszula-werona-pink\/\",\"name\":\"Koszula Werona pink - SORELLA\",\"isPartOf\":{\"@id\":\"https:\/\/sorella.online\/#website\"},\"primaryImageOfPage\":{\"@id\":\"https:\/\/sorella.online\/produkt\/koszula-werona-pink\/#primaryimage\"},\"datePublished\":\"2026-03-06T08:49:57+00:00\",\"dateModified\":\"2026-04-01T06:06:20+00:00\",\"breadcrumb\":{\"@id\":\"https:\/\/sorella.online\/produkt\/koszula-werona-pink\/#breadcrumb\"},\"inLanguage\":\"en-US\",\"potentialAction\":[{\"@type\":\"ReadAction\",\"target\":[\"https:\/\/sorella.online\/produkt\/koszula-werona-pink\/\"]}]},{\"@type\":\"BreadcrumbList\",\"@id\":\"https:\/\/sorella.online\/produkt\/koszula-werona-pink\/#breadcrumb\",\"itemListElement\":[{\"@type\":\"ListItem\",\"position\":1,\"item\":{\"@type\":\"WebPage\",\"@id\":\"https:\/\/sorella.online\/\",\"url\":\"https:\/\/sorella.online\/\",\"name\":\"Strona g\\u0142\\u00f3wna\"}},{\"@type\":\"ListItem\",\"position\":2,\"item\":{\"@type\":\"WebPage\",\"@id\":\"https:\/\/sorella.online\/sklep\/\",\"url\":\"https:\/\/sorella.online\/sklep\/\",\"name\":\"Sklep\"}},{\"@type\":\"ListItem\",\"position\":3,\"item\":{\"@type\":\"WebPage\",\"@id\":\"https:\/\/sorella.online\/produkt\/koszula-werona-pink\/\",\"url\":\"https:\/\/sorella.online\/produkt\/koszula-werona-pink\/\",\"name\":\"Koszula Werona pink\"}}]}]}<\/script>\n<!-- \/ Yoast SEO plugin. -->","_links":{"self":[{"href":"https:\/\/sorella.online\/en\/wp-json\/wp\/v2\/product\/44766"}],"collection":[{"href":"https:\/\/sorella.online\/en\/wp-json\/wp\/v2\/product"}],"about":[{"href":"https:\/\/sorella.online\/en\/wp-json\/wp\/v2\/types\/product"}],"replies":[{"embeddable":true,"href":"https:\/\/sorella.online\/en\/wp-json\/wp\/v2\/comments?post=44766"}],"wp:featuredmedia":[{"embeddable":true,"href":"https:\/\/sorella.online\/en\/wp-json\/wp\/v2\/media\/46268"}],"wp:attachment":[{"href":"https:\/\/sorella.online\/en\/wp-json\/wp\/v2\/media?parent=44766"}],"curies":[{"name":"wp","href":"https:\/\/api.w.org\/{rel}","templated":true}]}}