{"id":44774,"date":"2026-03-06T10:17:05","date_gmt":"2026-03-06T09:17:05","guid":{"rendered":"https:\/\/sorella.online\/?post_type=product&#038;p=44774"},"modified":"2026-04-21T11:58:41","modified_gmt":"2026-04-21T09:58:41","slug":"t-shirt-tirana-white","status":"publish","type":"product","link":"https:\/\/sorella.online\/en\/product\/t-shirt-tirana-white\/","title":{"rendered":"T-shirt Tirana white"},"content":{"rendered":"<p>Tirana white to nowa ods\u0142ona Tirany w kolorze ciep\u0142ej bieli.<\/p>\n<p>Ten t-shirt\u00a0 to po\u0142\u0105czenie klasyki z elegancj\u0105.<\/p>\n<p>Nietuzinkowy styl,wykonany z bawe\u0142ny co zapewnia wyj\u0105tkow\u0105 przewiewno\u015b\u0107, komfort noszenia oraz naturaln\u0105 mi\u0119kko\u015b\u0107.<\/p>\n<p>Posiada odpinane poduszki.<\/p>\n<p>Idealny w po\u0142\u0105czeniu z klasycznymi spodniami jak i jeansami.<\/p>\n<p>&nbsp;<\/p>\n<p>KOLEKCJA: WL\/26<br \/>\nROZMIAR: Zalecamy wyb\u00f3r swojego rozmiaru<br \/>\nSK\u0141AD: 100% bawe\u0142na<\/p>\n<p>DOSTAWA: Do 3 dni roboczych<br \/>\nWYSY\u0141KA: Mo\u017cliwa wysy\u0142ka kurierem po przedp\u0142acie lub za pobraniem<\/p>","protected":false},"excerpt":{"rendered":"<p>Tirana white to nowa ods\u0142ona Tirany w kolorze ciep\u0142ej bieli. Ten t-shirt\u00a0 to po\u0142\u0105czenie klasyki z elegancj\u0105. Nietuzinkowy styl,wykonany z bawe\u0142ny co zapewnia wyj\u0105tkow\u0105 przewiewno\u015b\u0107, komfort noszenia oraz naturaln\u0105 mi\u0119kko\u015b\u0107. Posiada odpinane poduszki. Idealny w po\u0142\u0105czeniu z klasycznymi spodniami jak i jeansami. &nbsp; KOLEKCJA: WL\/26 ROZMIAR: Zalecamy wyb\u00f3r swojego rozmiaru SK\u0141AD: 100% bawe\u0142na DOSTAWA: Do&hellip; <a class=\"more-link\" href=\"https:\/\/sorella.online\/en\/product\/t-shirt-tirana-white\/\">Continue reading <span class=\"screen-reader-text\">T-shirt Tirana white<\/span><\/a><\/p>","protected":false},"featured_media":46267,"comment_status":"open","ping_status":"closed","template":"","meta":{"inline_featured_image":false},"yoast_head":"<!-- This site is optimized with the Yoast SEO plugin v16.1.1 - https:\/\/yoast.com\/wordpress\/plugins\/seo\/ -->\n<title>T-shirt Tirana white - SORELLA<\/title>\n<link rel=\"canonical\" href=\"https:\/\/sorella.online\/en\/product\/t-shirt-tirana-white\/\" \/>\n<meta property=\"og:locale\" content=\"en_US\" \/>\n<meta property=\"og:type\" content=\"article\" \/>\n<meta property=\"og:title\" content=\"T-shirt Tirana white - SORELLA\" \/>\n<meta property=\"og:description\" content=\"Tirana white to nowa ods\u0142ona Tirany w kolorze ciep\u0142ej bieli. Ten t-shirt\u00a0 to po\u0142\u0105czenie klasyki z elegancj\u0105. Nietuzinkowy styl,wykonany z bawe\u0142ny co zapewnia wyj\u0105tkow\u0105 przewiewno\u015b\u0107, komfort noszenia oraz naturaln\u0105 mi\u0119kko\u015b\u0107. Posiada odpinane poduszki. Idealny w po\u0142\u0105czeniu z klasycznymi spodniami jak i jeansami. &nbsp; KOLEKCJA: WL\/26 ROZMIAR: Zalecamy wyb\u00f3r swojego rozmiaru SK\u0141AD: 100% bawe\u0142na DOSTAWA: Do&hellip; Continue reading T-shirt Tirana white\" \/>\n<meta property=\"og:url\" content=\"https:\/\/sorella.online\/en\/product\/t-shirt-tirana-white\/\" \/>\n<meta property=\"og:site_name\" content=\"SORELLA\" \/>\n<meta property=\"article:publisher\" content=\"https:\/\/www.facebook.com\/sorellapoland\" \/>\n<meta property=\"article:modified_time\" content=\"2026-04-21T09:58:41+00:00\" \/>\n<meta property=\"og:image\" content=\"https:\/\/sorella.online\/wp-content\/uploads\/2026\/03\/IM2A3401.jpg\" \/>\n\t<meta property=\"og:image:width\" content=\"1365\" \/>\n\t<meta property=\"og:image:height\" content=\"2048\" \/>\n<meta name=\"twitter:card\" content=\"summary_large_image\" \/>\n<meta name=\"twitter:label1\" content=\"Est. reading time\">\n\t<meta name=\"twitter:data1\" content=\"1 minute\">\n<script type=\"application\/ld+json\" class=\"yoast-schema-graph\">{\"@context\":\"https:\/\/schema.org\",\"@graph\":[{\"@type\":\"Organization\",\"@id\":\"https:\/\/sorella.online\/#organization\",\"name\":\"SORELLA - polish fashion brand\",\"url\":\"https:\/\/sorella.online\/\",\"sameAs\":[\"https:\/\/www.facebook.com\/sorellapoland\",\"https:\/\/instagram.com\/sorellafashion\"],\"logo\":{\"@type\":\"ImageObject\",\"@id\":\"https:\/\/sorella.online\/#logo\",\"inLanguage\":\"en-US\",\"url\":\"https:\/\/sorella.online\/wp-content\/uploads\/2020\/04\/logo.png\",\"contentUrl\":\"https:\/\/sorella.online\/wp-content\/uploads\/2020\/04\/logo.png\",\"width\":402,\"height\":70,\"caption\":\"SORELLA - polish fashion brand\"},\"image\":{\"@id\":\"https:\/\/sorella.online\/#logo\"}},{\"@type\":\"WebSite\",\"@id\":\"https:\/\/sorella.online\/#website\",\"url\":\"https:\/\/sorella.online\/\",\"name\":\"SORELLA\",\"description\":\"Nasze ubrania podkre\\u015blaj\\u0105 Twoj\\u0105 energi\\u0119 i pi\\u0119kno! Moda damska Sorella, sukienki dla odwa\\u017cnych i energicznych kobiet!\",\"publisher\":{\"@id\":\"https:\/\/sorella.online\/#organization\"},\"potentialAction\":[{\"@type\":\"SearchAction\",\"target\":\"https:\/\/sorella.online\/?s={search_term_string}\",\"query-input\":\"required name=search_term_string\"}],\"inLanguage\":\"en-US\"},{\"@type\":\"ImageObject\",\"@id\":\"https:\/\/sorella.online\/produkt\/t-shirt-tirana-white\/#primaryimage\",\"inLanguage\":\"en-US\",\"url\":\"https:\/\/sorella.online\/wp-content\/uploads\/2026\/03\/IM2A3401.jpg\",\"contentUrl\":\"https:\/\/sorella.online\/wp-content\/uploads\/2026\/03\/IM2A3401.jpg\",\"width\":1365,\"height\":2048},{\"@type\":\"WebPage\",\"@id\":\"https:\/\/sorella.online\/produkt\/t-shirt-tirana-white\/#webpage\",\"url\":\"https:\/\/sorella.online\/produkt\/t-shirt-tirana-white\/\",\"name\":\"T-shirt Tirana white - SORELLA\",\"isPartOf\":{\"@id\":\"https:\/\/sorella.online\/#website\"},\"primaryImageOfPage\":{\"@id\":\"https:\/\/sorella.online\/produkt\/t-shirt-tirana-white\/#primaryimage\"},\"datePublished\":\"2026-03-06T09:17:05+00:00\",\"dateModified\":\"2026-04-21T09:58:41+00:00\",\"breadcrumb\":{\"@id\":\"https:\/\/sorella.online\/produkt\/t-shirt-tirana-white\/#breadcrumb\"},\"inLanguage\":\"en-US\",\"potentialAction\":[{\"@type\":\"ReadAction\",\"target\":[\"https:\/\/sorella.online\/produkt\/t-shirt-tirana-white\/\"]}]},{\"@type\":\"BreadcrumbList\",\"@id\":\"https:\/\/sorella.online\/produkt\/t-shirt-tirana-white\/#breadcrumb\",\"itemListElement\":[{\"@type\":\"ListItem\",\"position\":1,\"item\":{\"@type\":\"WebPage\",\"@id\":\"https:\/\/sorella.online\/\",\"url\":\"https:\/\/sorella.online\/\",\"name\":\"Strona g\\u0142\\u00f3wna\"}},{\"@type\":\"ListItem\",\"position\":2,\"item\":{\"@type\":\"WebPage\",\"@id\":\"https:\/\/sorella.online\/sklep\/\",\"url\":\"https:\/\/sorella.online\/sklep\/\",\"name\":\"Sklep\"}},{\"@type\":\"ListItem\",\"position\":3,\"item\":{\"@type\":\"WebPage\",\"@id\":\"https:\/\/sorella.online\/produkt\/t-shirt-tirana-white\/\",\"url\":\"https:\/\/sorella.online\/produkt\/t-shirt-tirana-white\/\",\"name\":\"T-shirt Tirana white\"}}]}]}<\/script>\n<!-- \/ Yoast SEO plugin. -->","_links":{"self":[{"href":"https:\/\/sorella.online\/en\/wp-json\/wp\/v2\/product\/44774"}],"collection":[{"href":"https:\/\/sorella.online\/en\/wp-json\/wp\/v2\/product"}],"about":[{"href":"https:\/\/sorella.online\/en\/wp-json\/wp\/v2\/types\/product"}],"replies":[{"embeddable":true,"href":"https:\/\/sorella.online\/en\/wp-json\/wp\/v2\/comments?post=44774"}],"wp:featuredmedia":[{"embeddable":true,"href":"https:\/\/sorella.online\/en\/wp-json\/wp\/v2\/media\/46267"}],"wp:attachment":[{"href":"https:\/\/sorella.online\/en\/wp-json\/wp\/v2\/media?parent=44774"}],"curies":[{"name":"wp","href":"https:\/\/api.w.org\/{rel}","templated":true}]}}