{"id":44780,"date":"2026-03-06T10:42:54","date_gmt":"2026-03-06T09:42:54","guid":{"rendered":"https:\/\/sorella.online\/?post_type=product&#038;p=44780"},"modified":"2026-04-16T08:33:27","modified_gmt":"2026-04-16T06:33:27","slug":"kurtka-liwia","status":"publish","type":"product","link":"https:\/\/sorella.online\/en\/product\/kurtka-liwia\/","title":{"rendered":"Kurtka Liwia"},"content":{"rendered":"<p>Kurtka Liwia to model\u00a0 bomberki 2w1 ,posiada odpinan\u0105 baskink\u0119\u00a0 dzi\u0119ki czemu zyskujemy nowy model.<\/p>\n<p>\u0141\u0105czy stylow\u0105 nonszalancj\u0119 ze sportowym charakterem.<\/p>\n<p>Wykonana z mi\u0119kkiej bawe\u0142ny o pi\u0119knym odcieniu be\u017cu.<\/p>\n<p>Zapinana na zatrzaski, posiada \u015bci\u0105gacz w pasie , dwie kieszenie ,\u00a0 oraz ciekawy element ozdobny w postaci pagon\u00f3w na ramionach.<\/p>\n<p>Idealnie sprawdzi si\u0119 w po\u0142\u0105czeniu z cygaretkami czy te\u017c w wersji codziennej z jeansami.<\/p>\n<p>&nbsp;<\/p>\n<p>&nbsp;<\/p>\n<p>&nbsp;<\/p>\n<p>KOLEKCJA: SS\/ 26<br \/>\nROZMIAR: Zalecamy wyb\u00f3r swojego rozmiaru<br \/>\nSK\u0141AD: 98% bawe\u0142na 2% elastan<\/p>\n<p>DOSTAWA: Do 3 dni roboczych<br \/>\nWYSY\u0141KA: Mo\u017cliwa wysy\u0142ka kurierem po przedp\u0142acie lub za pobraniem<\/p>","protected":false},"excerpt":{"rendered":"<p>Kurtka Liwia to model\u00a0 bomberki 2w1 ,posiada odpinan\u0105 baskink\u0119\u00a0 dzi\u0119ki czemu zyskujemy nowy model. \u0141\u0105czy stylow\u0105 nonszalancj\u0119 ze sportowym charakterem. Wykonana z mi\u0119kkiej bawe\u0142ny o pi\u0119knym odcieniu be\u017cu. Zapinana na zatrzaski, posiada \u015bci\u0105gacz w pasie , dwie kieszenie ,\u00a0 oraz ciekawy element ozdobny w postaci pagon\u00f3w na ramionach. Idealnie sprawdzi si\u0119 w po\u0142\u0105czeniu z cygaretkami&hellip; <a class=\"more-link\" href=\"https:\/\/sorella.online\/en\/product\/kurtka-liwia\/\">Continue reading <span class=\"screen-reader-text\">Kurtka Liwia<\/span><\/a><\/p>","protected":false},"featured_media":46263,"comment_status":"open","ping_status":"closed","template":"","meta":{"inline_featured_image":false},"yoast_head":"<!-- This site is optimized with the Yoast SEO plugin v16.1.1 - https:\/\/yoast.com\/wordpress\/plugins\/seo\/ -->\n<title>Kurtka Liwia - SORELLA<\/title>\n<link rel=\"canonical\" href=\"https:\/\/sorella.online\/en\/product\/kurtka-liwia\/\" \/>\n<meta property=\"og:locale\" content=\"en_US\" \/>\n<meta property=\"og:type\" content=\"article\" \/>\n<meta property=\"og:title\" content=\"Kurtka Liwia - SORELLA\" \/>\n<meta property=\"og:description\" content=\"Kurtka Liwia to model\u00a0 bomberki 2w1 ,posiada odpinan\u0105 baskink\u0119\u00a0 dzi\u0119ki czemu zyskujemy nowy model. \u0141\u0105czy stylow\u0105 nonszalancj\u0119 ze sportowym charakterem. Wykonana z mi\u0119kkiej bawe\u0142ny o pi\u0119knym odcieniu be\u017cu. Zapinana na zatrzaski, posiada \u015bci\u0105gacz w pasie , dwie kieszenie ,\u00a0 oraz ciekawy element ozdobny w postaci pagon\u00f3w na ramionach. Idealnie sprawdzi si\u0119 w po\u0142\u0105czeniu z cygaretkami&hellip; Continue reading Kurtka Liwia\" \/>\n<meta property=\"og:url\" content=\"https:\/\/sorella.online\/en\/product\/kurtka-liwia\/\" \/>\n<meta property=\"og:site_name\" content=\"SORELLA\" \/>\n<meta property=\"article:publisher\" content=\"https:\/\/www.facebook.com\/sorellapoland\" \/>\n<meta property=\"article:modified_time\" content=\"2026-04-16T06:33:27+00:00\" \/>\n<meta property=\"og:image\" content=\"https:\/\/sorella.online\/wp-content\/uploads\/2026\/03\/IM2A3440.jpg\" \/>\n\t<meta property=\"og:image:width\" content=\"1365\" \/>\n\t<meta property=\"og:image:height\" content=\"2048\" \/>\n<meta name=\"twitter:card\" content=\"summary_large_image\" \/>\n<meta name=\"twitter:label1\" content=\"Est. reading time\">\n\t<meta name=\"twitter:data1\" content=\"1 minute\">\n<script type=\"application\/ld+json\" class=\"yoast-schema-graph\">{\"@context\":\"https:\/\/schema.org\",\"@graph\":[{\"@type\":\"Organization\",\"@id\":\"https:\/\/sorella.online\/#organization\",\"name\":\"SORELLA - polish fashion brand\",\"url\":\"https:\/\/sorella.online\/\",\"sameAs\":[\"https:\/\/www.facebook.com\/sorellapoland\",\"https:\/\/instagram.com\/sorellafashion\"],\"logo\":{\"@type\":\"ImageObject\",\"@id\":\"https:\/\/sorella.online\/#logo\",\"inLanguage\":\"en-US\",\"url\":\"https:\/\/sorella.online\/wp-content\/uploads\/2020\/04\/logo.png\",\"contentUrl\":\"https:\/\/sorella.online\/wp-content\/uploads\/2020\/04\/logo.png\",\"width\":402,\"height\":70,\"caption\":\"SORELLA - polish fashion brand\"},\"image\":{\"@id\":\"https:\/\/sorella.online\/#logo\"}},{\"@type\":\"WebSite\",\"@id\":\"https:\/\/sorella.online\/#website\",\"url\":\"https:\/\/sorella.online\/\",\"name\":\"SORELLA\",\"description\":\"Nasze ubrania podkre\\u015blaj\\u0105 Twoj\\u0105 energi\\u0119 i pi\\u0119kno! Moda damska Sorella, sukienki dla odwa\\u017cnych i energicznych kobiet!\",\"publisher\":{\"@id\":\"https:\/\/sorella.online\/#organization\"},\"potentialAction\":[{\"@type\":\"SearchAction\",\"target\":\"https:\/\/sorella.online\/?s={search_term_string}\",\"query-input\":\"required name=search_term_string\"}],\"inLanguage\":\"en-US\"},{\"@type\":\"ImageObject\",\"@id\":\"https:\/\/sorella.online\/produkt\/kurtka-liwia\/#primaryimage\",\"inLanguage\":\"en-US\",\"url\":\"https:\/\/sorella.online\/wp-content\/uploads\/2026\/03\/IM2A3440.jpg\",\"contentUrl\":\"https:\/\/sorella.online\/wp-content\/uploads\/2026\/03\/IM2A3440.jpg\",\"width\":1365,\"height\":2048},{\"@type\":\"WebPage\",\"@id\":\"https:\/\/sorella.online\/produkt\/kurtka-liwia\/#webpage\",\"url\":\"https:\/\/sorella.online\/produkt\/kurtka-liwia\/\",\"name\":\"Kurtka Liwia - SORELLA\",\"isPartOf\":{\"@id\":\"https:\/\/sorella.online\/#website\"},\"primaryImageOfPage\":{\"@id\":\"https:\/\/sorella.online\/produkt\/kurtka-liwia\/#primaryimage\"},\"datePublished\":\"2026-03-06T09:42:54+00:00\",\"dateModified\":\"2026-04-16T06:33:27+00:00\",\"breadcrumb\":{\"@id\":\"https:\/\/sorella.online\/produkt\/kurtka-liwia\/#breadcrumb\"},\"inLanguage\":\"en-US\",\"potentialAction\":[{\"@type\":\"ReadAction\",\"target\":[\"https:\/\/sorella.online\/produkt\/kurtka-liwia\/\"]}]},{\"@type\":\"BreadcrumbList\",\"@id\":\"https:\/\/sorella.online\/produkt\/kurtka-liwia\/#breadcrumb\",\"itemListElement\":[{\"@type\":\"ListItem\",\"position\":1,\"item\":{\"@type\":\"WebPage\",\"@id\":\"https:\/\/sorella.online\/\",\"url\":\"https:\/\/sorella.online\/\",\"name\":\"Strona g\\u0142\\u00f3wna\"}},{\"@type\":\"ListItem\",\"position\":2,\"item\":{\"@type\":\"WebPage\",\"@id\":\"https:\/\/sorella.online\/sklep\/\",\"url\":\"https:\/\/sorella.online\/sklep\/\",\"name\":\"Sklep\"}},{\"@type\":\"ListItem\",\"position\":3,\"item\":{\"@type\":\"WebPage\",\"@id\":\"https:\/\/sorella.online\/produkt\/kurtka-liwia\/\",\"url\":\"https:\/\/sorella.online\/produkt\/kurtka-liwia\/\",\"name\":\"Kurtka Liwia\"}}]}]}<\/script>\n<!-- \/ Yoast SEO plugin. -->","_links":{"self":[{"href":"https:\/\/sorella.online\/en\/wp-json\/wp\/v2\/product\/44780"}],"collection":[{"href":"https:\/\/sorella.online\/en\/wp-json\/wp\/v2\/product"}],"about":[{"href":"https:\/\/sorella.online\/en\/wp-json\/wp\/v2\/types\/product"}],"replies":[{"embeddable":true,"href":"https:\/\/sorella.online\/en\/wp-json\/wp\/v2\/comments?post=44780"}],"wp:featuredmedia":[{"embeddable":true,"href":"https:\/\/sorella.online\/en\/wp-json\/wp\/v2\/media\/46263"}],"wp:attachment":[{"href":"https:\/\/sorella.online\/en\/wp-json\/wp\/v2\/media?parent=44780"}],"curies":[{"name":"wp","href":"https:\/\/api.w.org\/{rel}","templated":true}]}}