{"id":4597,"date":"2022-02-01T02:10:23","date_gmt":"2022-02-01T01:10:23","guid":{"rendered":"https:\/\/sorella.online\/?post_type=product&#038;p=4597"},"modified":"2026-02-20T11:26:05","modified_gmt":"2026-02-20T10:26:05","slug":"bluzka-cholet-red","status":"publish","type":"product","link":"https:\/\/sorella.online\/en\/product\/bluzka-cholet-red\/","title":{"rendered":"Bluzka CHOLET red"},"content":{"rendered":"<p><strong>CHOLET <\/strong>to przepi\u0119kna bluzka uszyta z delikatnej, lej\u0105cej wiskozy w kolorze czerwonym.<\/p>\n<p>Wi\u0105zanie na szyi z ozdobnym kwiatem nadaje bluzce kobiecego, romantycznego looku. Te elementy bluzki s\u0105 osobnym dodatkiem, kt\u00f3re mo\u017cesz wykorzysta\u0107 do swojej stylizacji.<\/p>\n<p>Kwiat w formie broszki jest praca r\u0119czn\u0105, przez co ka\u017cdy z nich jest wyj\u0105tkowy.<\/p>\n<p>&nbsp;<\/p>\n<p><strong>KOLEKCJA: <\/strong>LOVE<br \/>\n<strong>ROZMIAR:<\/strong>\u00a0Zalecamy wyb\u00f3r swojego rozmiaru.<br \/>\n<strong>SK\u0141AD: <\/strong>60% bawe\u0142na, 40% poliester<br \/>\n<strong>DOSTAWA<\/strong>: Do 5 dni roboczych<br \/>\n<strong>WYSY\u0141KA:\u00a0<\/strong>Mo\u017cliwa wysy\u0142ka kurierem po przedp\u0142acie lub za pobraniem.<\/p>","protected":false},"excerpt":{"rendered":"<p>CHOLET to przepi\u0119kna bluzka uszyta z delikatnej, lej\u0105cej wiskozy w kolorze czerwonym. Wi\u0105zanie na szyi z ozdobnym kwiatem nadaje bluzce kobiecego, romantycznego looku. Te elementy bluzki s\u0105 osobnym dodatkiem, kt\u00f3re mo\u017cesz wykorzysta\u0107 do swojej stylizacji. Kwiat w formie broszki jest praca r\u0119czn\u0105, przez co ka\u017cdy z nich jest wyj\u0105tkowy. &nbsp; KOLEKCJA: LOVE ROZMIAR:\u00a0Zalecamy wyb\u00f3r swojego&hellip; <a class=\"more-link\" href=\"https:\/\/sorella.online\/en\/product\/bluzka-cholet-red\/\">Continue reading <span class=\"screen-reader-text\">Bluzka CHOLET red<\/span><\/a><\/p>","protected":false},"featured_media":4633,"comment_status":"open","ping_status":"closed","template":"","meta":{"inline_featured_image":false},"yoast_head":"<!-- This site is optimized with the Yoast SEO plugin v16.1.1 - https:\/\/yoast.com\/wordpress\/plugins\/seo\/ -->\n<title>Bluzka CHOLET red - SORELLA<\/title>\n<link rel=\"canonical\" href=\"https:\/\/sorella.online\/en\/product\/bluzka-cholet-red\/\" \/>\n<meta property=\"og:locale\" content=\"en_US\" \/>\n<meta property=\"og:type\" content=\"article\" \/>\n<meta property=\"og:title\" content=\"Bluzka CHOLET red - SORELLA\" \/>\n<meta property=\"og:description\" content=\"CHOLET to przepi\u0119kna bluzka uszyta z delikatnej, lej\u0105cej wiskozy w kolorze czerwonym. Wi\u0105zanie na szyi z ozdobnym kwiatem nadaje bluzce kobiecego, romantycznego looku. Te elementy bluzki s\u0105 osobnym dodatkiem, kt\u00f3re mo\u017cesz wykorzysta\u0107 do swojej stylizacji. Kwiat w formie broszki jest praca r\u0119czn\u0105, przez co ka\u017cdy z nich jest wyj\u0105tkowy. &nbsp; KOLEKCJA: LOVE ROZMIAR:\u00a0Zalecamy wyb\u00f3r swojego&hellip; Continue reading Bluzka CHOLET red\" \/>\n<meta property=\"og:url\" content=\"https:\/\/sorella.online\/en\/product\/bluzka-cholet-red\/\" \/>\n<meta property=\"og:site_name\" content=\"SORELLA\" \/>\n<meta property=\"article:publisher\" content=\"https:\/\/www.facebook.com\/sorellapoland\" \/>\n<meta property=\"article:modified_time\" content=\"2026-02-20T10:26:05+00:00\" \/>\n<meta property=\"og:image\" content=\"https:\/\/sorella.online\/wp-content\/uploads\/2022\/01\/DSC_2578-kopia-kopia-scaled.jpg\" \/>\n\t<meta property=\"og:image:width\" content=\"2048\" \/>\n\t<meta property=\"og:image:height\" content=\"2048\" \/>\n<meta name=\"twitter:card\" content=\"summary_large_image\" \/>\n<meta name=\"twitter:label1\" content=\"Est. reading time\">\n\t<meta name=\"twitter:data1\" content=\"1 minute\">\n<script type=\"application\/ld+json\" class=\"yoast-schema-graph\">{\"@context\":\"https:\/\/schema.org\",\"@graph\":[{\"@type\":\"Organization\",\"@id\":\"https:\/\/sorella.online\/#organization\",\"name\":\"SORELLA - polish fashion brand\",\"url\":\"https:\/\/sorella.online\/\",\"sameAs\":[\"https:\/\/www.facebook.com\/sorellapoland\",\"https:\/\/instagram.com\/sorellafashion\"],\"logo\":{\"@type\":\"ImageObject\",\"@id\":\"https:\/\/sorella.online\/#logo\",\"inLanguage\":\"en-US\",\"url\":\"https:\/\/sorella.online\/wp-content\/uploads\/2020\/04\/logo.png\",\"contentUrl\":\"https:\/\/sorella.online\/wp-content\/uploads\/2020\/04\/logo.png\",\"width\":402,\"height\":70,\"caption\":\"SORELLA - polish fashion brand\"},\"image\":{\"@id\":\"https:\/\/sorella.online\/#logo\"}},{\"@type\":\"WebSite\",\"@id\":\"https:\/\/sorella.online\/#website\",\"url\":\"https:\/\/sorella.online\/\",\"name\":\"SORELLA\",\"description\":\"Nasze ubrania podkre\\u015blaj\\u0105 Twoj\\u0105 energi\\u0119 i pi\\u0119kno! Moda damska Sorella, sukienki dla odwa\\u017cnych i energicznych kobiet!\",\"publisher\":{\"@id\":\"https:\/\/sorella.online\/#organization\"},\"potentialAction\":[{\"@type\":\"SearchAction\",\"target\":\"https:\/\/sorella.online\/?s={search_term_string}\",\"query-input\":\"required name=search_term_string\"}],\"inLanguage\":\"en-US\"},{\"@type\":\"ImageObject\",\"@id\":\"https:\/\/sorella.online\/produkt\/bluzka-cholet-red\/#primaryimage\",\"inLanguage\":\"en-US\",\"url\":\"https:\/\/sorella.online\/wp-content\/uploads\/2022\/01\/DSC_2578-kopia-kopia-scaled.jpg\",\"contentUrl\":\"https:\/\/sorella.online\/wp-content\/uploads\/2022\/01\/DSC_2578-kopia-kopia-scaled.jpg\",\"width\":2048,\"height\":2048},{\"@type\":\"WebPage\",\"@id\":\"https:\/\/sorella.online\/produkt\/bluzka-cholet-red\/#webpage\",\"url\":\"https:\/\/sorella.online\/produkt\/bluzka-cholet-red\/\",\"name\":\"Bluzka CHOLET red - SORELLA\",\"isPartOf\":{\"@id\":\"https:\/\/sorella.online\/#website\"},\"primaryImageOfPage\":{\"@id\":\"https:\/\/sorella.online\/produkt\/bluzka-cholet-red\/#primaryimage\"},\"datePublished\":\"2022-02-01T01:10:23+00:00\",\"dateModified\":\"2026-02-20T10:26:05+00:00\",\"breadcrumb\":{\"@id\":\"https:\/\/sorella.online\/produkt\/bluzka-cholet-red\/#breadcrumb\"},\"inLanguage\":\"en-US\",\"potentialAction\":[{\"@type\":\"ReadAction\",\"target\":[\"https:\/\/sorella.online\/produkt\/bluzka-cholet-red\/\"]}]},{\"@type\":\"BreadcrumbList\",\"@id\":\"https:\/\/sorella.online\/produkt\/bluzka-cholet-red\/#breadcrumb\",\"itemListElement\":[{\"@type\":\"ListItem\",\"position\":1,\"item\":{\"@type\":\"WebPage\",\"@id\":\"https:\/\/sorella.online\/\",\"url\":\"https:\/\/sorella.online\/\",\"name\":\"Strona g\\u0142\\u00f3wna\"}},{\"@type\":\"ListItem\",\"position\":2,\"item\":{\"@type\":\"WebPage\",\"@id\":\"https:\/\/sorella.online\/sklep\/\",\"url\":\"https:\/\/sorella.online\/sklep\/\",\"name\":\"Sklep\"}},{\"@type\":\"ListItem\",\"position\":3,\"item\":{\"@type\":\"WebPage\",\"@id\":\"https:\/\/sorella.online\/produkt\/bluzka-cholet-red\/\",\"url\":\"https:\/\/sorella.online\/produkt\/bluzka-cholet-red\/\",\"name\":\"Bluzka CHOLET red\"}}]}]}<\/script>\n<!-- \/ Yoast SEO plugin. -->","_links":{"self":[{"href":"https:\/\/sorella.online\/en\/wp-json\/wp\/v2\/product\/4597"}],"collection":[{"href":"https:\/\/sorella.online\/en\/wp-json\/wp\/v2\/product"}],"about":[{"href":"https:\/\/sorella.online\/en\/wp-json\/wp\/v2\/types\/product"}],"replies":[{"embeddable":true,"href":"https:\/\/sorella.online\/en\/wp-json\/wp\/v2\/comments?post=4597"}],"wp:featuredmedia":[{"embeddable":true,"href":"https:\/\/sorella.online\/en\/wp-json\/wp\/v2\/media\/4633"}],"wp:attachment":[{"href":"https:\/\/sorella.online\/en\/wp-json\/wp\/v2\/media?parent=4597"}],"curies":[{"name":"wp","href":"https:\/\/api.w.org\/{rel}","templated":true}]}}