{"id":8283,"date":"2023-03-22T18:00:25","date_gmt":"2023-03-22T17:00:25","guid":{"rendered":"https:\/\/sorella.online\/?post_type=product&#038;p=8283"},"modified":"2026-04-27T16:55:12","modified_gmt":"2026-04-27T14:55:12","slug":"spodnie-celia","status":"publish","type":"product","link":"https:\/\/sorella.online\/en\/product\/spodnie-celia\/","title":{"rendered":"Spodnie CELIA"},"content":{"rendered":"<p>Klasyczne, garniturowe spodnie\u00a0<strong>CELIA<\/strong> to najnowsza ods\u0142ona kolekcji <strong>SS23<\/strong>. Lekko szerokie, perfekcyjnie b\u0119d\u0105 podkre\u015bla\u0107 sylwetk\u0119, a ich zak\u0142adki dodatkowo wyd\u0142u\u017c\u0105 Twoje nogi.<\/p>\n<p>Spodnie <strong>CELIA<\/strong> mo\u017cesz nosi\u0107 zar\u00f3wno w wersji eleganckiej jak i codziennej. Stworz\u0105 doskona\u0142y look z marynark\u0105 <strong>CANDELA<\/strong> lub marynark\u0105 <strong>CHATTE<\/strong>\u00a0, ale b\u0119d\u0105 te\u017c \u015bwietnie wygl\u0105da\u0107 w po\u0142\u0105czeniu z g\u0142adkim t-shirtem i zwyk\u0142ymi trampkami.<\/p>\n<p>&nbsp;<\/p>\n<p><strong>KOLEKCJA:<\/strong> <a href=\"https:\/\/sorella.online\/kategoria-produktu\/ss23\/\">SS23<\/a><br \/>\n<strong>ROZMIAR:<\/strong> Zalecamy wyb\u00f3r swojego rozmiaru<br \/>\n<strong>SK\u0141AD: <\/strong>64% poliester, 33% wiskoza, 3% elastan<br \/>\n<strong>DOSTAWA<\/strong>: Do 5 dni roboczych<br \/>\n<strong>WYSY\u0141KA:\u00a0<\/strong>Mo\u017cliwa wysy\u0142ka kurierem po przedp\u0142acie lub za pobraniem<\/p>","protected":false},"excerpt":{"rendered":"<p>Klasyczne, garniturowe spodnie\u00a0CELIA to najnowsza ods\u0142ona kolekcji SS23. Lekko szerokie, perfekcyjnie b\u0119d\u0105 podkre\u015bla\u0107 sylwetk\u0119, a ich zak\u0142adki dodatkowo wyd\u0142u\u017c\u0105 Twoje nogi. Spodnie CELIA mo\u017cesz nosi\u0107 zar\u00f3wno w wersji eleganckiej jak i codziennej. Stworz\u0105 doskona\u0142y look z marynark\u0105 CANDELA lub marynark\u0105 CHATTE\u00a0, ale b\u0119d\u0105 te\u017c \u015bwietnie wygl\u0105da\u0107 w po\u0142\u0105czeniu z g\u0142adkim t-shirtem i zwyk\u0142ymi trampkami. &nbsp;&hellip; <a class=\"more-link\" href=\"https:\/\/sorella.online\/en\/product\/spodnie-celia\/\">Continue reading <span class=\"screen-reader-text\">Spodnie CELIA<\/span><\/a><\/p>","protected":false},"featured_media":8368,"comment_status":"open","ping_status":"closed","template":"","meta":{"inline_featured_image":false},"yoast_head":"<!-- This site is optimized with the Yoast SEO plugin v16.1.1 - https:\/\/yoast.com\/wordpress\/plugins\/seo\/ -->\n<title>Spodnie CELIA - kolekcja SS23 \/ Sorella - polska marka odzie\u017cowa<\/title>\n<meta name=\"description\" content=\"Klasyczne, garniturowe spodnie\u00a0CELIA to najnowsza ods\u0142ona kolekcji SS23. Lekko szerokie, perfekcyjnie b\u0119d\u0105 podkre\u015bla\u0107 sylwetk\u0119, a ich zak\u0142adki dodatkowo wyd\u0142u\u017c\u0105 Twoje nogi.Spodnie CELIA mo\u017cesz nosi\u0107 zar\u00f3wno w wersji eleganckiej jak i codziennej. Stworz\u0105 doskona\u0142y look z marynark\u0105 CANDELA lub marynark\u0105 CHATTE\u00a0, ale b\u0119d\u0105 te\u017c \u015bwietnie wygl\u0105da\u0107 w po\u0142\u0105czeniu z g\u0142adkim t-shirtem i zwyk\u0142ymi trampkami.\" \/>\n<link rel=\"canonical\" href=\"https:\/\/sorella.online\/en\/product\/spodnie-celia\/\" \/>\n<meta property=\"og:locale\" content=\"en_US\" \/>\n<meta property=\"og:type\" content=\"article\" \/>\n<meta property=\"og:title\" content=\"Spodnie CELIA - kolekcja SS23 \/ Sorella - polska marka odzie\u017cowa\" \/>\n<meta property=\"og:description\" content=\"Klasyczne, garniturowe spodnie\u00a0CELIA to najnowsza ods\u0142ona kolekcji SS23. Lekko szerokie, perfekcyjnie b\u0119d\u0105 podkre\u015bla\u0107 sylwetk\u0119, a ich zak\u0142adki dodatkowo wyd\u0142u\u017c\u0105 Twoje nogi.Spodnie CELIA mo\u017cesz nosi\u0107 zar\u00f3wno w wersji eleganckiej jak i codziennej. Stworz\u0105 doskona\u0142y look z marynark\u0105 CANDELA lub marynark\u0105 CHATTE\u00a0, ale b\u0119d\u0105 te\u017c \u015bwietnie wygl\u0105da\u0107 w po\u0142\u0105czeniu z g\u0142adkim t-shirtem i zwyk\u0142ymi trampkami.\" \/>\n<meta property=\"og:url\" content=\"https:\/\/sorella.online\/en\/product\/spodnie-celia\/\" \/>\n<meta property=\"og:site_name\" content=\"SORELLA\" \/>\n<meta property=\"article:publisher\" content=\"https:\/\/www.facebook.com\/sorellapoland\" \/>\n<meta property=\"article:modified_time\" content=\"2026-04-27T14:55:12+00:00\" \/>\n<meta property=\"og:image\" content=\"https:\/\/sorella.online\/wp-content\/uploads\/2023\/03\/spodnie.png\" \/>\n\t<meta property=\"og:image:width\" content=\"2000\" \/>\n\t<meta property=\"og:image:height\" content=\"2000\" \/>\n<meta name=\"twitter:card\" content=\"summary_large_image\" \/>\n<meta name=\"twitter:label1\" content=\"Est. reading time\">\n\t<meta name=\"twitter:data1\" content=\"1 minute\">\n<script type=\"application\/ld+json\" class=\"yoast-schema-graph\">{\"@context\":\"https:\/\/schema.org\",\"@graph\":[{\"@type\":\"Organization\",\"@id\":\"https:\/\/sorella.online\/#organization\",\"name\":\"SORELLA - polish fashion brand\",\"url\":\"https:\/\/sorella.online\/\",\"sameAs\":[\"https:\/\/www.facebook.com\/sorellapoland\",\"https:\/\/instagram.com\/sorellafashion\"],\"logo\":{\"@type\":\"ImageObject\",\"@id\":\"https:\/\/sorella.online\/#logo\",\"inLanguage\":\"en-US\",\"url\":\"https:\/\/sorella.online\/wp-content\/uploads\/2020\/04\/logo.png\",\"contentUrl\":\"https:\/\/sorella.online\/wp-content\/uploads\/2020\/04\/logo.png\",\"width\":402,\"height\":70,\"caption\":\"SORELLA - polish fashion brand\"},\"image\":{\"@id\":\"https:\/\/sorella.online\/#logo\"}},{\"@type\":\"WebSite\",\"@id\":\"https:\/\/sorella.online\/#website\",\"url\":\"https:\/\/sorella.online\/\",\"name\":\"SORELLA\",\"description\":\"Nasze ubrania podkre\\u015blaj\\u0105 Twoj\\u0105 energi\\u0119 i pi\\u0119kno! Moda damska Sorella, sukienki dla odwa\\u017cnych i energicznych kobiet!\",\"publisher\":{\"@id\":\"https:\/\/sorella.online\/#organization\"},\"potentialAction\":[{\"@type\":\"SearchAction\",\"target\":\"https:\/\/sorella.online\/?s={search_term_string}\",\"query-input\":\"required name=search_term_string\"}],\"inLanguage\":\"en-US\"},{\"@type\":\"ImageObject\",\"@id\":\"https:\/\/sorella.online\/produkt\/spodnie-celia\/#primaryimage\",\"inLanguage\":\"en-US\",\"url\":\"https:\/\/sorella.online\/wp-content\/uploads\/2023\/03\/spodnie.png\",\"contentUrl\":\"https:\/\/sorella.online\/wp-content\/uploads\/2023\/03\/spodnie.png\",\"width\":2000,\"height\":2000},{\"@type\":\"WebPage\",\"@id\":\"https:\/\/sorella.online\/produkt\/spodnie-celia\/#webpage\",\"url\":\"https:\/\/sorella.online\/produkt\/spodnie-celia\/\",\"name\":\"Spodnie CELIA - kolekcja SS23 \/ Sorella - polska marka odzie\\u017cowa\",\"isPartOf\":{\"@id\":\"https:\/\/sorella.online\/#website\"},\"primaryImageOfPage\":{\"@id\":\"https:\/\/sorella.online\/produkt\/spodnie-celia\/#primaryimage\"},\"datePublished\":\"2023-03-22T17:00:25+00:00\",\"dateModified\":\"2026-04-27T14:55:12+00:00\",\"description\":\"Klasyczne, garniturowe spodnie\\u00a0CELIA to najnowsza ods\\u0142ona kolekcji SS23. Lekko szerokie, perfekcyjnie b\\u0119d\\u0105 podkre\\u015bla\\u0107 sylwetk\\u0119, a ich zak\\u0142adki dodatkowo wyd\\u0142u\\u017c\\u0105 Twoje nogi.Spodnie CELIA mo\\u017cesz nosi\\u0107 zar\\u00f3wno w wersji eleganckiej jak i codziennej. Stworz\\u0105 doskona\\u0142y look z marynark\\u0105 CANDELA lub marynark\\u0105 CHATTE\\u00a0, ale b\\u0119d\\u0105 te\\u017c \\u015bwietnie wygl\\u0105da\\u0107 w po\\u0142\\u0105czeniu z g\\u0142adkim t-shirtem i zwyk\\u0142ymi trampkami.\",\"breadcrumb\":{\"@id\":\"https:\/\/sorella.online\/produkt\/spodnie-celia\/#breadcrumb\"},\"inLanguage\":\"en-US\",\"potentialAction\":[{\"@type\":\"ReadAction\",\"target\":[\"https:\/\/sorella.online\/produkt\/spodnie-celia\/\"]}]},{\"@type\":\"BreadcrumbList\",\"@id\":\"https:\/\/sorella.online\/produkt\/spodnie-celia\/#breadcrumb\",\"itemListElement\":[{\"@type\":\"ListItem\",\"position\":1,\"item\":{\"@type\":\"WebPage\",\"@id\":\"https:\/\/sorella.online\/\",\"url\":\"https:\/\/sorella.online\/\",\"name\":\"Strona g\\u0142\\u00f3wna\"}},{\"@type\":\"ListItem\",\"position\":2,\"item\":{\"@type\":\"WebPage\",\"@id\":\"https:\/\/sorella.online\/sklep\/\",\"url\":\"https:\/\/sorella.online\/sklep\/\",\"name\":\"Sklep\"}},{\"@type\":\"ListItem\",\"position\":3,\"item\":{\"@type\":\"WebPage\",\"@id\":\"https:\/\/sorella.online\/produkt\/spodnie-celia\/\",\"url\":\"https:\/\/sorella.online\/produkt\/spodnie-celia\/\",\"name\":\"Spodnie CELIA\"}}]}]}<\/script>\n<!-- \/ Yoast SEO plugin. -->","_links":{"self":[{"href":"https:\/\/sorella.online\/en\/wp-json\/wp\/v2\/product\/8283"}],"collection":[{"href":"https:\/\/sorella.online\/en\/wp-json\/wp\/v2\/product"}],"about":[{"href":"https:\/\/sorella.online\/en\/wp-json\/wp\/v2\/types\/product"}],"replies":[{"embeddable":true,"href":"https:\/\/sorella.online\/en\/wp-json\/wp\/v2\/comments?post=8283"}],"wp:featuredmedia":[{"embeddable":true,"href":"https:\/\/sorella.online\/en\/wp-json\/wp\/v2\/media\/8368"}],"wp:attachment":[{"href":"https:\/\/sorella.online\/en\/wp-json\/wp\/v2\/media?parent=8283"}],"curies":[{"name":"wp","href":"https:\/\/api.w.org\/{rel}","templated":true}]}}