{"id":8288,"date":"2023-03-22T18:08:53","date_gmt":"2023-03-22T17:08:53","guid":{"rendered":"https:\/\/sorella.online\/?post_type=product&#038;p=8288"},"modified":"2026-04-27T16:55:12","modified_gmt":"2026-04-27T14:55:12","slug":"marynarka-candela","status":"publish","type":"product","link":"https:\/\/sorella.online\/en\/product\/marynarka-candela\/","title":{"rendered":"Marynarka CANDELA"},"content":{"rendered":"<p>Kr\u00f3tka marynarka <strong>CANDELA<\/strong> to nasza propozycja z kolekcji <strong>SS23<\/strong>. Wykonana z tego samego materia\u0142u co d\u0142ugie, garniturowe spodnie <strong>CELIA<\/strong>, tworz\u0105 przepi\u0119kny komplet.<\/p>\n<p>Szerokie ramiona, podkre\u015blaj\u0105ce sylwetk\u0119. Kr\u00f3tka marynarka to zdecydowanie hit sezonu ss23, dlatego nie mog\u0142o jej zabrakn\u0105\u0107 po raz kolejny w naszej wiosenno-letniej kolekcji.<\/p>\n<p>Wystylizuj marynark\u0119 <strong>CANDELA<\/strong> ze spodniami <strong>CELIA<\/strong> (wersja klasyczna), lub pobaw si\u0119 w swojej stylizacji i po\u0142\u0105cz j\u0105 z jeansami i trampkami, narzu\u0107 na ulubion\u0105 letni\u0105 sukienk\u0119 w po\u0142\u0105czeniu z sanda\u0142kami.<\/p>\n<p>&nbsp;<\/p>\n<p><strong>KOLEKCJA:<\/strong> <a href=\"https:\/\/sorella.online\/kategoria-produktu\/ss23\/\">SS23<\/a><br \/>\n<strong>ROZMIAR:<\/strong> Zalecamy wyb\u00f3r swojego rozmiaru<br \/>\n<strong>SK\u0141AD: <\/strong>64% poliester, 33% wiskoza, 3% elastan<br \/>\n<strong>DOSTAWA<\/strong>: Do 5 dni roboczych<br \/>\n<strong>WYSY\u0141KA:\u00a0<\/strong>Mo\u017cliwa wysy\u0142ka kurierem po przedp\u0142acie lub za pobraniem<\/p>","protected":false},"excerpt":{"rendered":"<p>Kr\u00f3tka marynarka CANDELA to nasza propozycja z kolekcji SS23. Wykonana z tego samego materia\u0142u co d\u0142ugie, garniturowe spodnie CELIA, tworz\u0105 przepi\u0119kny komplet. Szerokie ramiona, podkre\u015blaj\u0105ce sylwetk\u0119. Kr\u00f3tka marynarka to zdecydowanie hit sezonu ss23, dlatego nie mog\u0142o jej zabrakn\u0105\u0107 po raz kolejny w naszej wiosenno-letniej kolekcji. Wystylizuj marynark\u0119 CANDELA ze spodniami CELIA (wersja klasyczna), lub pobaw&hellip; <a class=\"more-link\" href=\"https:\/\/sorella.online\/en\/product\/marynarka-candela\/\">Continue reading <span class=\"screen-reader-text\">Marynarka CANDELA<\/span><\/a><\/p>","protected":false},"featured_media":8366,"comment_status":"open","ping_status":"closed","template":"","meta":{"inline_featured_image":false},"yoast_head":"<!-- This site is optimized with the Yoast SEO plugin v16.1.1 - https:\/\/yoast.com\/wordpress\/plugins\/seo\/ -->\n<title>Marynarka CANDELA - kolekcja SS23 \/ Sorella - polska marka odzie\u017cowa<\/title>\n<meta name=\"description\" content=\"Kr\u00f3tka marynarka CANDELA to nasza propozycja z kolekcji SS23. Wykonana z tego samego materia\u0142u co d\u0142ugie, garniturowe spodnie CELIA, tworz\u0105 przepi\u0119kny komplet.Kr\u00f3tka marynarka to zdecydowanie hit sezonu ss23, dlatego nie mog\u0142o jej zabrakn\u0105\u0107 po raz kolejny w naszej wiosenno-letniej kolekcji.Wystylizuj marynark\u0119 CANDELA ze spodniami CELIA (wersja klasyczna), lub pobaw si\u0119 w swojej stylizacji i po\u0142\u0105cz j\u0105 z jeansami i trampkami, narzu\u0107 na ulubion\u0105 letni\u0105 sukienk\u0119 w po\u0142\u0105czeniu z sanda\u0142kami.\" \/>\n<link rel=\"canonical\" href=\"https:\/\/sorella.online\/en\/product\/marynarka-candela\/\" \/>\n<meta property=\"og:locale\" content=\"en_US\" \/>\n<meta property=\"og:type\" content=\"article\" \/>\n<meta property=\"og:title\" content=\"Marynarka CANDELA - kolekcja SS23 \/ Sorella - polska marka odzie\u017cowa\" \/>\n<meta property=\"og:description\" content=\"Kr\u00f3tka marynarka CANDELA to nasza propozycja z kolekcji SS23. Wykonana z tego samego materia\u0142u co d\u0142ugie, garniturowe spodnie CELIA, tworz\u0105 przepi\u0119kny komplet.Kr\u00f3tka marynarka to zdecydowanie hit sezonu ss23, dlatego nie mog\u0142o jej zabrakn\u0105\u0107 po raz kolejny w naszej wiosenno-letniej kolekcji.Wystylizuj marynark\u0119 CANDELA ze spodniami CELIA (wersja klasyczna), lub pobaw si\u0119 w swojej stylizacji i po\u0142\u0105cz j\u0105 z jeansami i trampkami, narzu\u0107 na ulubion\u0105 letni\u0105 sukienk\u0119 w po\u0142\u0105czeniu z sanda\u0142kami.\" \/>\n<meta property=\"og:url\" content=\"https:\/\/sorella.online\/en\/product\/marynarka-candela\/\" \/>\n<meta property=\"og:site_name\" content=\"SORELLA\" \/>\n<meta property=\"article:publisher\" content=\"https:\/\/www.facebook.com\/sorellapoland\" \/>\n<meta property=\"article:modified_time\" content=\"2026-04-27T14:55:12+00:00\" \/>\n<meta property=\"og:image\" content=\"https:\/\/sorella.online\/wp-content\/uploads\/2023\/03\/mar1.png\" \/>\n\t<meta property=\"og:image:width\" content=\"2000\" \/>\n\t<meta property=\"og:image:height\" content=\"2000\" \/>\n<meta name=\"twitter:card\" content=\"summary_large_image\" \/>\n<meta name=\"twitter:label1\" content=\"Est. reading time\">\n\t<meta name=\"twitter:data1\" content=\"1 minute\">\n<script type=\"application\/ld+json\" class=\"yoast-schema-graph\">{\"@context\":\"https:\/\/schema.org\",\"@graph\":[{\"@type\":\"Organization\",\"@id\":\"https:\/\/sorella.online\/#organization\",\"name\":\"SORELLA - polish fashion brand\",\"url\":\"https:\/\/sorella.online\/\",\"sameAs\":[\"https:\/\/www.facebook.com\/sorellapoland\",\"https:\/\/instagram.com\/sorellafashion\"],\"logo\":{\"@type\":\"ImageObject\",\"@id\":\"https:\/\/sorella.online\/#logo\",\"inLanguage\":\"en-US\",\"url\":\"https:\/\/sorella.online\/wp-content\/uploads\/2020\/04\/logo.png\",\"contentUrl\":\"https:\/\/sorella.online\/wp-content\/uploads\/2020\/04\/logo.png\",\"width\":402,\"height\":70,\"caption\":\"SORELLA - polish fashion brand\"},\"image\":{\"@id\":\"https:\/\/sorella.online\/#logo\"}},{\"@type\":\"WebSite\",\"@id\":\"https:\/\/sorella.online\/#website\",\"url\":\"https:\/\/sorella.online\/\",\"name\":\"SORELLA\",\"description\":\"Nasze ubrania podkre\\u015blaj\\u0105 Twoj\\u0105 energi\\u0119 i pi\\u0119kno! Moda damska Sorella, sukienki dla odwa\\u017cnych i energicznych kobiet!\",\"publisher\":{\"@id\":\"https:\/\/sorella.online\/#organization\"},\"potentialAction\":[{\"@type\":\"SearchAction\",\"target\":\"https:\/\/sorella.online\/?s={search_term_string}\",\"query-input\":\"required name=search_term_string\"}],\"inLanguage\":\"en-US\"},{\"@type\":\"ImageObject\",\"@id\":\"https:\/\/sorella.online\/produkt\/marynarka-candela\/#primaryimage\",\"inLanguage\":\"en-US\",\"url\":\"https:\/\/sorella.online\/wp-content\/uploads\/2023\/03\/mar1.png\",\"contentUrl\":\"https:\/\/sorella.online\/wp-content\/uploads\/2023\/03\/mar1.png\",\"width\":2000,\"height\":2000},{\"@type\":\"WebPage\",\"@id\":\"https:\/\/sorella.online\/produkt\/marynarka-candela\/#webpage\",\"url\":\"https:\/\/sorella.online\/produkt\/marynarka-candela\/\",\"name\":\"Marynarka CANDELA - kolekcja SS23 \/ Sorella - polska marka odzie\\u017cowa\",\"isPartOf\":{\"@id\":\"https:\/\/sorella.online\/#website\"},\"primaryImageOfPage\":{\"@id\":\"https:\/\/sorella.online\/produkt\/marynarka-candela\/#primaryimage\"},\"datePublished\":\"2023-03-22T17:08:53+00:00\",\"dateModified\":\"2026-04-27T14:55:12+00:00\",\"description\":\"Kr\\u00f3tka marynarka CANDELA to nasza propozycja z kolekcji SS23. Wykonana z tego samego materia\\u0142u co d\\u0142ugie, garniturowe spodnie CELIA, tworz\\u0105 przepi\\u0119kny komplet.Kr\\u00f3tka marynarka to zdecydowanie hit sezonu ss23, dlatego nie mog\\u0142o jej zabrakn\\u0105\\u0107 po raz kolejny w naszej wiosenno-letniej kolekcji.Wystylizuj marynark\\u0119 CANDELA ze spodniami CELIA (wersja klasyczna), lub pobaw si\\u0119 w swojej stylizacji i po\\u0142\\u0105cz j\\u0105 z jeansami i trampkami, narzu\\u0107 na ulubion\\u0105 letni\\u0105 sukienk\\u0119 w po\\u0142\\u0105czeniu z sanda\\u0142kami.\",\"breadcrumb\":{\"@id\":\"https:\/\/sorella.online\/produkt\/marynarka-candela\/#breadcrumb\"},\"inLanguage\":\"en-US\",\"potentialAction\":[{\"@type\":\"ReadAction\",\"target\":[\"https:\/\/sorella.online\/produkt\/marynarka-candela\/\"]}]},{\"@type\":\"BreadcrumbList\",\"@id\":\"https:\/\/sorella.online\/produkt\/marynarka-candela\/#breadcrumb\",\"itemListElement\":[{\"@type\":\"ListItem\",\"position\":1,\"item\":{\"@type\":\"WebPage\",\"@id\":\"https:\/\/sorella.online\/\",\"url\":\"https:\/\/sorella.online\/\",\"name\":\"Strona g\\u0142\\u00f3wna\"}},{\"@type\":\"ListItem\",\"position\":2,\"item\":{\"@type\":\"WebPage\",\"@id\":\"https:\/\/sorella.online\/sklep\/\",\"url\":\"https:\/\/sorella.online\/sklep\/\",\"name\":\"Sklep\"}},{\"@type\":\"ListItem\",\"position\":3,\"item\":{\"@type\":\"WebPage\",\"@id\":\"https:\/\/sorella.online\/produkt\/marynarka-candela\/\",\"url\":\"https:\/\/sorella.online\/produkt\/marynarka-candela\/\",\"name\":\"Marynarka CANDELA\"}}]}]}<\/script>\n<!-- \/ Yoast SEO plugin. -->","_links":{"self":[{"href":"https:\/\/sorella.online\/en\/wp-json\/wp\/v2\/product\/8288"}],"collection":[{"href":"https:\/\/sorella.online\/en\/wp-json\/wp\/v2\/product"}],"about":[{"href":"https:\/\/sorella.online\/en\/wp-json\/wp\/v2\/types\/product"}],"replies":[{"embeddable":true,"href":"https:\/\/sorella.online\/en\/wp-json\/wp\/v2\/comments?post=8288"}],"wp:featuredmedia":[{"embeddable":true,"href":"https:\/\/sorella.online\/en\/wp-json\/wp\/v2\/media\/8366"}],"wp:attachment":[{"href":"https:\/\/sorella.online\/en\/wp-json\/wp\/v2\/media?parent=8288"}],"curies":[{"name":"wp","href":"https:\/\/api.w.org\/{rel}","templated":true}]}}